{"id":1973,"date":"2025-07-08T17:18:14","date_gmt":"2025-07-08T14:18:14","guid":{"rendered":"https:\/\/boss4.com.tr\/%e7%bd%91%e7%ab%99-cookie-%e6%94%bf%e7%ad%96\/"},"modified":"2026-04-07T11:54:00","modified_gmt":"2026-04-07T08:54:00","slug":"%e7%bd%91%e7%ab%99-cookie-%e6%94%bf%e7%ad%96","status":"publish","type":"page","link":"https:\/\/boss4.com.tr\/zh-hans\/%e7%bd%91%e7%ab%99-cookie-%e6%94%bf%e7%ad%96\/","title":{"rendered":"\u7f51\u7ad9 Cookie \u653f\u7b56"},"content":{"rendered":"\t\t<div data-elementor-type=\"wp-page\" data-elementor-id=\"1973\" class=\"elementor elementor-1973\">\n\t\t\t\t<div class=\"elementor-element elementor-element-90c7ed4 e-flex e-con-boxed wpr-particle-no wpr-jarallax-no wpr-parallax-no wpr-sticky-section-no wpr-equal-height-no e-con e-parent\" data-id=\"90c7ed4\" data-element_type=\"container\" data-e-type=\"container\">\n\t\t\t\t\t<div class=\"e-con-inner\">\n\t\t\t\t<div class=\"elementor-element elementor-element-76c32cd0 elementor-widget elementor-widget-text-editor\" data-id=\"76c32cd0\" data-element_type=\"widget\" data-e-type=\"widget\" data-widget_type=\"text-editor.default\">\n\t\t\t\t<div class=\"elementor-widget-container\">\n\t\t\t\t\t\t\t\t\t\n<p><strong>Cookie <\/strong><strong>\u4f7f\u7528\u653f\u7b56<\/strong><\/p>\n<p>\u672c Cookie \u4f7f\u7528\u653f\u7b56\u9002\u7528\u4e8e\u7531 <strong>BOSS4 GAYRIMENKUL \u0130N\u015eAAT SANAY\u0130 VE DI\u015e T\u0130CARET A.\u015e.<\/strong> \u8fd0\u8425\u7684\u7f51\u7ad9\u53ca\u79fb\u52a8\u5e73\u53f0\uff0c\u4ee5\u53ca\u901a\u8fc7\u7b2c\u4e09\u65b9\u7a0b\u5e8f\u6216\u7f51\u7ad9\u8bbf\u95ee\u548c\u4f7f\u7528\u7684\u5e73\u53f0\u3002<\/p>\n<p><strong>\u76ee\u7684<\/strong>\uff1aCookie \u662f\u6307\u4e3a\u4e86\u786e\u4fdd\u7f51\u7ad9\u6b63\u5e38\u8fd0\u884c\u3001\u6539\u5584\u7528\u6237\u4f53\u9a8c\u3001\u4f18\u5316\u548c\u5f00\u53d1\u7f51\u7ad9\uff0c\u4ee5\u53ca\u4e3a\u8bbf\u95ee\u8005\u63d0\u4f9b\u6709\u8da3\u4e14\u4e2a\u6027\u5316\u7684\u7f51\u7ad9\/\u5e94\u7528\u7a0b\u5e8f\u53ca\u5e7f\u544a\u5185\u5bb9\u800c\u653e\u7f6e\u5728\u8bbe\u5907\uff08\u7535\u8111\u3001\u624b\u673a\u3001\u5e73\u677f\uff09\u4e0a\u7684\u5c0f\u578b\u6570\u636e\u7247\u6bb5\u3002Cookie \u7531\u60a8\u7528\u4e8e\u8bbf\u95ee\u7f51\u7ad9\u7684\u4e92\u8054\u7f51\u6d4f\u89c8\u5668\u4fdd\u5b58\u3002<\/p>\n<p><strong>Cookie <\/strong><strong>\u7c7b\u578b<\/strong>\uff1aCookie \u53ef\u6839\u636e\u4e0d\u540c\u5206\u7c7b\u6807\u51c6\u5448\u73b0\u4e0d\u540c\u7c7b\u578b\u3002\u6240\u8c13\u4f1a\u8bdd Cookie\uff08Session Cookie\uff09\u6307\u5728\u60a8\u79bb\u5f00\u7f51\u7ad9\u524d\u4fdd\u5b58\u5728\u8bbe\u5907\u4e0a\u7684\u4e34\u65f6 Cookie\u3002\u6301\u4e45 Cookie\uff08Persistent Cookie\uff09\u5219\u662f\u5728\u60a8\u7684\u8bbe\u5907\u786c\u76d8\u4e0a\u957f\u671f\u4fdd\u5b58\u7684 Cookie\u3002<\/p>\n<p><strong>\u5fc5\u8981 Cookie<\/strong> \u786e\u4fdd\u7f51\u7ad9\u6b63\u5e38\u8fd0\u884c\uff0c\u4f7f\u7528\u6237\u80fd\u591f\u6d4f\u89c8\u7f51\u7ad9\u5e76\u4f7f\u7528\u5176\u529f\u80fd\u3002\u5fc5\u8981 Cookie \u4e3a\u533f\u540d\u6027\u8d28\u3002<\/p>\n<p><strong>\u529f\u80fd\u6027\u4e0e\u5206\u6790\u6027 Cookie<\/strong> \u7528\u4e8e\u8bb0\u4f4f\u60a8\u7684\u504f\u597d\u8bbe\u7f6e\uff0c\u4f7f\u7f51\u7ad9\u5f97\u4ee5\u6709\u6548\u4f7f\u7528\uff0c\u4f18\u5316\u7f51\u7ad9\u4ee5\u54cd\u5e94\u7528\u6237\u9700\u6c42\uff0c\u5e76\u6536\u96c6\u8bbf\u95ee\u8005\u5982\u4f55\u4f7f\u7528\u7f51\u7ad9\u7684\u6570\u636e\u3002\u6b64\u7c7b Cookie \u53ef\u80fd\u5305\u542b\u60a8\u7684\u7528\u6237\u540d\u7b49\u4e2a\u4eba\u4fe1\u606f\u3002<\/p>\n<p><strong>\u5546<\/strong><strong>\u4e1a Cookie<\/strong> \u6839\u636e\u60a8\u7684\u5174\u8da3\u548c\u9009\u62e9\uff0c\u4e3a\u60a8\u63d0\u4f9b\u76f8\u5173\u4ea7\u54c1\/\u5185\u5bb9\uff0c\u5e76\u901a\u8fc7\u66f4\u9ad8\u7ea7\u3001\u4e2a\u6027\u5316\u7684\u5e7f\u544a\u7b56\u7565\u63d0\u5347\u4f7f\u7528\u4f53\u9a8c\u3002<\/p>\n<p><strong>\u7b2c\u4e09\u65b9 Cookie<\/strong>\uff1aBOSS4 \u7ba1\u7406\u7684\u7f51\u7ad9\/\u79fb\u52a8\u5e94\u7528\/\u79fb\u52a8\u7f51\u7ad9\u53ef\u80fd\u4f1a\u4e0e\u503c\u5f97\u4fe1\u8d56\u7684\u77e5\u540d\u7b2c\u4e09\u65b9\u5e7f\u544a\u63d0\u4f9b\u5546\u5408\u4f5c\u3002\u5728\u8fd9\u79cd\u60c5\u51b5\u4e0b\uff0c\u7b2c\u4e09\u65b9\u63d0\u4f9b\u5546\u53ef\u80fd\u4f1a\u653e\u7f6e\u5176 Cookie\uff0c\u4ee5\u5411\u60a8\u5c55\u793a\u4e2a\u6027\u5316\u5e7f\u544a\u3002<\/p>\n<p><strong>Cookie <\/strong><strong>\u7684\u4f7f\u7528\u76ee\u7684<\/strong>\uff1a<\/p>\n<ul>\n<li>\u5728\u8bbf\u95ee\u6211\u4eec\u7684\u7f51\u7ad9\u65f6\u8bb0\u4f4f\u60a8\u7684\u4f7f\u7528\u504f\u597d<\/li>\n<li>\u7b80\u5316\u4f7f\u7528\u6d41\u7a0b<\/li>\n<li>\u6839\u636e\u504f\u597d\u8fdb\u884c\u5b9a\u5236<\/li>\n<li>\u786e\u4fdd\u7f51\u7ad9\u52a8\u6001\u529f\u80fd\u6b63\u5e38\u8fd0\u884c<\/li>\n<li>\u6536\u96c6\u975e\u4e2a\u4eba\u4fe1\u606f\uff0c\u5982\u6700\u5e38\u8bbf\u95ee\u7684\u9875\u9762\uff0c\u5e76\u636e\u6b64\u6539\u8fdb\u6211\u4eec\u7684\u4ea7\u54c1\u548c\u670d\u52a1<\/li>\n<li>\u901a\u8fc7\u89c2\u5bdf\u4f7f\u7528\u76ee\u7684\u5f00\u5c55\u8425\u9500\u6d3b\u52a8<\/li>\n<\/ul>\n<p><strong>Cookie <\/strong><strong>\u540c\u610f<\/strong>\uff1a\u4f7f\u7528 BOSS4 \u7684\u7f51\u7ad9\/\u79fb\u52a8\u5e94\u7528\/\u79fb\u52a8\u7f51\u7ad9\u5373\u8868\u793a\u60a8\u540c\u610f\u6309\u7167\u201cCookie \u653f\u7b56\u201d\u4f7f\u7528 Cookie\u3002<\/p>\n<p>Cookie \u4e0d\u4f1a\u7528\u4e8e\u672c\u653f\u7b56\u6240\u8ff0\u76ee\u7684\u4e4b\u5916\u7684\u7528\u9014\uff0c\u5e76\u9075\u5b88\u300a\u4e2a\u4eba\u6570\u636e\u4fdd\u62a4\u6cd5\u300b\u53ca\u76f8\u5173\u6cd5\u89c4\u3002\u6709\u5173\u8be6\u7ec6\u4fe1\u606f\uff0c\u8bf7\u53c2\u9605\u6211\u4eec\u7684\u300a\u8bf4\u660e\u6587\u672c\u300b\u548c\u300a\u6570\u636e\u653f\u7b56\u300b\u3002<\/p>\n<p><strong>Cookie <\/strong><strong>\u7ba1\u7406<\/strong>\uff1a\u5927\u591a\u6570\u6d4f\u89c8\u5668\u53ef\u81ea\u52a8\u63a5\u53d7 Cookie\uff0c\u4f46\u4f7f\u7528\u672c\u7f51\u7ad9\u5e76\u4e0d\u5f3a\u5236\u8981\u6c42\u63a5\u53d7 Cookie\u3002\u7136\u800c\uff0c\u5982\u679c\u60a8\u62d2\u7edd\u67d0\u4e9b Cookie\uff0c\u67d0\u4e9b\u529f\u80fd\u53ef\u80fd\u65e0\u6cd5\u6b63\u5e38\u4f7f\u7528\u3002<\/p>\n\t\t\t\t\t\t\t\t<\/div>\n\t\t\t\t<\/div>\n\t\t\t\t\t<\/div>\n\t\t\t\t<\/div>\n\t\t\t\t<\/div>\n\t\t","protected":false},"excerpt":{"rendered":"<p>Cookie \u4f7f\u7528\u653f\u7b56 \u672c Cookie \u4f7f\u7528\u653f\u7b56\u9002\u7528\u4e8e\u7531 BOSS4 GAYRIMENKUL \u0130N\u015eAAT SANAY\u0130 VE DI\u015e T\u0130CARET A.\u015e. \u8fd0\u8425\u7684\u7f51\u7ad9\u53ca\u79fb\u52a8\u5e73\u53f0\uff0c\u4ee5\u53ca\u901a\u8fc7\u7b2c\u4e09\u65b9\u7a0b\u5e8f\u6216\u7f51\u7ad9\u8bbf\u95ee\u548c\u4f7f\u7528\u7684\u5e73\u53f0\u3002 \u76ee\u7684\uff1aCookie \u662f\u6307\u4e3a\u4e86\u786e\u4fdd\u7f51\u7ad9\u6b63\u5e38\u8fd0\u884c\u3001\u6539\u5584\u7528\u6237\u4f53\u9a8c\u3001\u4f18\u5316\u548c\u5f00\u53d1\u7f51\u7ad9\uff0c\u4ee5\u53ca\u4e3a\u8bbf\u95ee\u8005\u63d0\u4f9b\u6709\u8da3\u4e14\u4e2a\u6027\u5316\u7684\u7f51\u7ad9\/\u5e94\u7528\u7a0b\u5e8f\u53ca\u5e7f\u544a\u5185\u5bb9\u800c\u653e\u7f6e\u5728\u8bbe\u5907\uff08\u7535\u8111\u3001\u624b\u673a\u3001\u5e73\u677f\uff09\u4e0a\u7684\u5c0f\u578b\u6570\u636e\u7247\u6bb5\u3002Cookie \u7531\u60a8\u7528\u4e8e\u8bbf\u95ee\u7f51\u7ad9\u7684\u4e92\u8054\u7f51\u6d4f\u89c8\u5668\u4fdd\u5b58\u3002 Cookie \u7c7b\u578b\uff1aCookie \u53ef\u6839\u636e\u4e0d\u540c\u5206\u7c7b\u6807\u51c6\u5448\u73b0\u4e0d\u540c\u7c7b\u578b\u3002\u6240\u8c13\u4f1a\u8bdd Cookie\uff08Session Cookie\uff09\u6307\u5728\u60a8\u79bb\u5f00\u7f51\u7ad9\u524d\u4fdd\u5b58\u5728\u8bbe\u5907\u4e0a\u7684\u4e34\u65f6 Cookie\u3002\u6301\u4e45 Cookie\uff08Persistent Cookie\uff09\u5219\u662f\u5728\u60a8\u7684\u8bbe\u5907\u786c\u76d8\u4e0a\u957f\u671f\u4fdd\u5b58\u7684 Cookie\u3002 \u5fc5\u8981 Cookie \u786e\u4fdd\u7f51\u7ad9\u6b63\u5e38\u8fd0\u884c\uff0c\u4f7f\u7528\u6237\u80fd\u591f\u6d4f\u89c8\u7f51\u7ad9\u5e76\u4f7f\u7528\u5176\u529f\u80fd\u3002\u5fc5\u8981 Cookie \u4e3a\u533f\u540d\u6027\u8d28\u3002 \u529f\u80fd\u6027\u4e0e\u5206\u6790\u6027 Cookie \u7528\u4e8e\u8bb0\u4f4f\u60a8\u7684\u504f\u597d\u8bbe\u7f6e\uff0c\u4f7f\u7f51\u7ad9\u5f97\u4ee5\u6709\u6548\u4f7f\u7528\uff0c\u4f18\u5316\u7f51\u7ad9\u4ee5\u54cd\u5e94\u7528\u6237\u9700\u6c42\uff0c\u5e76\u6536\u96c6\u8bbf\u95ee\u8005\u5982\u4f55\u4f7f\u7528\u7f51\u7ad9\u7684\u6570\u636e\u3002\u6b64\u7c7b Cookie \u53ef\u80fd\u5305\u542b\u60a8\u7684\u7528\u6237\u540d\u7b49\u4e2a\u4eba\u4fe1\u606f\u3002 \u5546\u4e1a Cookie \u6839\u636e\u60a8\u7684\u5174\u8da3\u548c\u9009\u62e9\uff0c\u4e3a\u60a8\u63d0\u4f9b\u76f8\u5173\u4ea7\u54c1\/\u5185\u5bb9\uff0c\u5e76\u901a\u8fc7\u66f4\u9ad8\u7ea7\u3001\u4e2a\u6027\u5316\u7684\u5e7f\u544a\u7b56\u7565\u63d0\u5347\u4f7f\u7528\u4f53\u9a8c\u3002 \u7b2c\u4e09\u65b9 Cookie\uff1aBOSS4 \u7ba1\u7406\u7684\u7f51\u7ad9\/\u79fb\u52a8\u5e94\u7528\/\u79fb\u52a8\u7f51\u7ad9\u53ef\u80fd\u4f1a\u4e0e\u503c\u5f97\u4fe1\u8d56\u7684\u77e5\u540d\u7b2c\u4e09\u65b9\u5e7f\u544a\u63d0\u4f9b\u5546\u5408\u4f5c\u3002\u5728\u8fd9\u79cd\u60c5\u51b5\u4e0b\uff0c\u7b2c\u4e09\u65b9\u63d0\u4f9b\u5546\u53ef\u80fd\u4f1a\u653e\u7f6e\u5176 Cookie\uff0c\u4ee5\u5411\u60a8\u5c55\u793a\u4e2a\u6027\u5316\u5e7f\u544a\u3002 Cookie \u7684\u4f7f\u7528\u76ee\u7684\uff1a \u5728\u8bbf\u95ee\u6211\u4eec\u7684\u7f51\u7ad9\u65f6\u8bb0\u4f4f\u60a8\u7684\u4f7f\u7528\u504f\u597d \u7b80\u5316\u4f7f\u7528\u6d41\u7a0b \u6839\u636e\u504f\u597d\u8fdb\u884c\u5b9a\u5236 \u786e\u4fdd\u7f51\u7ad9\u52a8\u6001\u529f\u80fd\u6b63\u5e38\u8fd0\u884c \u6536\u96c6\u975e\u4e2a\u4eba\u4fe1\u606f\uff0c\u5982\u6700\u5e38\u8bbf\u95ee\u7684\u9875\u9762\uff0c\u5e76\u636e\u6b64\u6539\u8fdb\u6211\u4eec\u7684\u4ea7\u54c1\u548c\u670d\u52a1 \u901a\u8fc7\u89c2\u5bdf\u4f7f\u7528\u76ee\u7684\u5f00\u5c55\u8425\u9500\u6d3b\u52a8 Cookie \u540c\u610f\uff1a\u4f7f\u7528 BOSS4 \u7684\u7f51\u7ad9\/\u79fb\u52a8\u5e94\u7528\/\u79fb\u52a8\u7f51\u7ad9\u5373\u8868\u793a\u60a8\u540c\u610f\u6309\u7167\u201cCookie \u653f\u7b56\u201d\u4f7f\u7528 Cookie\u3002 Cookie \u4e0d\u4f1a\u7528\u4e8e\u672c\u653f\u7b56\u6240\u8ff0\u76ee\u7684\u4e4b\u5916\u7684\u7528\u9014\uff0c\u5e76\u9075\u5b88\u300a\u4e2a\u4eba\u6570\u636e\u4fdd\u62a4\u6cd5\u300b\u53ca\u76f8\u5173\u6cd5\u89c4\u3002\u6709\u5173\u8be6\u7ec6\u4fe1\u606f\uff0c\u8bf7\u53c2\u9605\u6211\u4eec\u7684\u300a\u8bf4\u660e\u6587\u672c\u300b\u548c\u300a\u6570\u636e\u653f\u7b56\u300b\u3002 Cookie \u7ba1\u7406\uff1a\u5927\u591a\u6570\u6d4f\u89c8\u5668\u53ef\u81ea\u52a8\u63a5\u53d7 Cookie\uff0c\u4f46\u4f7f\u7528\u672c\u7f51\u7ad9\u5e76\u4e0d\u5f3a\u5236\u8981\u6c42\u63a5\u53d7 Cookie\u3002\u7136\u800c\uff0c\u5982\u679c\u60a8\u62d2\u7edd\u67d0\u4e9b Cookie\uff0c\u67d0\u4e9b\u529f\u80fd\u53ef\u80fd\u65e0\u6cd5\u6b63\u5e38\u4f7f\u7528\u3002<\/p>\n","protected":false},"author":1,"featured_media":0,"parent":0,"menu_order":0,"comment_status":"closed","ping_status":"closed","template":"","meta":{"footnotes":""},"class_list":["post-1973","page","type-page","status-publish","hentry"],"_links":{"self":[{"href":"https:\/\/boss4.com.tr\/zh-hans\/wp-json\/wp\/v2\/pages\/1973","targetHints":{"allow":["GET"]}}],"collection":[{"href":"https:\/\/boss4.com.tr\/zh-hans\/wp-json\/wp\/v2\/pages"}],"about":[{"href":"https:\/\/boss4.com.tr\/zh-hans\/wp-json\/wp\/v2\/types\/page"}],"author":[{"embeddable":true,"href":"https:\/\/boss4.com.tr\/zh-hans\/wp-json\/wp\/v2\/users\/1"}],"replies":[{"embeddable":true,"href":"https:\/\/boss4.com.tr\/zh-hans\/wp-json\/wp\/v2\/comments?post=1973"}],"version-history":[{"count":3,"href":"https:\/\/boss4.com.tr\/zh-hans\/wp-json\/wp\/v2\/pages\/1973\/revisions"}],"predecessor-version":[{"id":1976,"href":"https:\/\/boss4.com.tr\/zh-hans\/wp-json\/wp\/v2\/pages\/1973\/revisions\/1976"}],"wp:attachment":[{"href":"https:\/\/boss4.com.tr\/zh-hans\/wp-json\/wp\/v2\/media?parent=1973"}],"curies":[{"name":"wp","href":"https:\/\/api.w.org\/{rel}","templated":true}]}}