{"id":1966,"date":"2025-07-08T17:05:14","date_gmt":"2025-07-08T14:05:14","guid":{"rendered":"https:\/\/boss4.com.tr\/%e4%b8%aa%e4%ba%ba%e6%95%b0%e6%8d%ae%e4%bf%9d%e6%8a%a4%e3%80%81%e5%a4%84%e7%90%86%e4%b8%8e%e9%9a%90%e7%a7%81\/"},"modified":"2026-04-07T11:50:55","modified_gmt":"2026-04-07T08:50:55","slug":"%e4%b8%aa%e4%ba%ba%e6%95%b0%e6%8d%ae%e4%bf%9d%e6%8a%a4%e3%80%81%e5%a4%84%e7%90%86%e4%b8%8e%e9%9a%90%e7%a7%81","status":"publish","type":"page","link":"https:\/\/boss4.com.tr\/zh-hans\/%e4%b8%aa%e4%ba%ba%e6%95%b0%e6%8d%ae%e4%bf%9d%e6%8a%a4%e3%80%81%e5%a4%84%e7%90%86%e4%b8%8e%e9%9a%90%e7%a7%81\/","title":{"rendered":"\u4e2a\u4eba\u6570\u636e\u4fdd\u62a4\u3001\u5904\u7406\u4e0e\u9690\u79c1"},"content":{"rendered":"\n<h1 class=\"wp-block-heading\">\u4e2a\u4eba\u6570\u636e\u4fdd\u62a4\u3001\u5904\u7406\u4e0e\u9690\u79c1<\/h1>\n\n\n\n<ul class=\"wp-block-list\"><\/ul>\n\n\n\n<ul class=\"wp-block-list\"><\/ul>\n\n\n\n<p>1-\u76ee\u7684<\/p>\n\n\n\n<p>\u4f5c\u4e3aBOSS4\u623f\u5730\u4ea7\u5efa\u7b51\u5de5\u4e1a\u4e0e\u5bf9\u5916\u8d38\u6613\u80a1\u4efd\u516c\u53f8\uff08BOSS4 GAYRIMENKUL \u0130N\u015eAAT SANAY\u0130 VE DI\u015e T\u0130CARET A.\u015e.\uff09\uff0c\u6211\u4eec\u7684\u9996\u8981\u4efb\u52a1\u662f\u786e\u4fdd\u5305\u62ec\u5ba2\u6237\u3001\u4f9b\u5e94\u5546\u548c\u5458\u5de5\u5728\u5185\u7684\u81ea\u7136\u4eba\u7684\u4e2a\u4eba\u6570\u636e\uff0c\u6839\u636e\u571f\u8033\u5176\u5171\u548c\u56fd\u5baa\u6cd5\u3001\u6211\u56fd\u6240\u52a0\u5165\u7684\u56fd\u9645\u4eba\u6743\u6761\u7ea6\uff0c\u4ee5\u53ca\u300a\u4e2a\u4eba\u6570\u636e\u4fdd\u62a4\u6cd5\u300b\uff08\u7f16\u53f76698\uff0c\u201cKVKK\u201d\uff09\u7b49\u76f8\u5173\u6cd5\u89c4\u5f97\u5230\u5904\u7406\uff0c\u5e76\u786e\u4fdd\u6570\u636e\u4e3b\u4f53\u80fd\u591f\u6709\u6548\u884c\u4f7f\u5176\u6743\u5229\u3002<\/p>\n\n\n\n<p>\u56e0\u6b64\uff0c\u5305\u62ec\u4f46\u4e0d\u9650\u4e8e\u4ee5\u4e0b\u60c5\u51b5\uff1a\u6211\u4eec\u5728\u6d3b\u52a8\u4e2d\u83b7\u53d6\u7684\u5458\u5de5\u3001\u4f9b\u5e94\u5546\u3001\u5ba2\u6237\u3001\u6f5c\u5728\u5ba2\u6237\u3001\u8bbf\u95ee\u6211\u4eec\u7f51\u7ad9\u7684\u7528\u6237\uff0c\u901a\u8fc7\u81ea\u52a8\u6216\u975e\u81ea\u52a8\u65b9\u5f0f\uff08\u5373\u4f7f\u662f\u4efb\u4f55\u6570\u636e\u8bb0\u5f55\u7cfb\u7edf\u7684\u4e00\u90e8\u5206\uff09\u83b7\u5f97\u7684\u6240\u6709\u4e2a\u4eba\u6570\u636e\u7684\u5904\u7406\u3001\u5b58\u50a8\u548c\u4f20\u8f93\u5747\u4f9d\u7167BOSS4\u623f\u5730\u4ea7\u5efa\u7b51\u5de5\u4e1a\u4e0e\u5bf9\u5916\u8d38\u6613\u80a1\u4efd\u516c\u53f8\u4e2a\u4eba\u6570\u636e\u4fdd\u62a4\u4e0e\u5904\u7406\u653f\u7b56\uff08\u201c\u653f\u7b56\u201d\uff09\u8fdb\u884c\u3002<\/p>\n\n\n\n<p>\u4fdd\u62a4\u4e2a\u4eba\u6570\u636e\u5e76\u5c0a\u91cd\u6570\u636e\u4e3b\u4f53\u7684\u57fa\u672c\u6743\u5229\u548c\u81ea\u7531\uff0c\u662f\u6211\u4eec\u5904\u7406\u4e2a\u4eba\u6570\u636e\u653f\u7b56\u7684\u57fa\u672c\u539f\u5219\u3002\u56e0\u6b64\uff0c\u6211\u4eec\u7684\u6240\u6709\u6570\u636e\u5904\u7406\u6d3b\u52a8\u5747\u5728\u4fdd\u62a4\u79c1\u4eba\u751f\u6d3b\u3001\u901a\u4fe1\u79d8\u5bc6\u3001\u601d\u60f3\u4e0e\u4fe1\u4ef0\u81ea\u7531\u4ee5\u53ca\u6709\u6548\u6cd5\u5f8b\u9014\u5f84\u6743\u5229\u7684\u524d\u63d0\u4e0b\u8fdb\u884c\u3002<\/p>\n\n\n\n<p>\u4e3a\u4e86\u4fdd\u62a4\u4e2a\u4eba\u6570\u636e\uff0c\u6211\u4eec\u91c7\u53d6\u6240\u6709\u5fc5\u8981\u7684\u884c\u653f\u548c\u6280\u672f\u4fdd\u62a4\u63aa\u65bd\uff0c\u4ee5\u7b26\u5408\u76f8\u5173\u6cd5\u89c4\u548c\u6700\u65b0\u6280\u672f\u8981\u6c42\uff0c\u5e76\u6839\u636e\u6570\u636e\u7684\u6027\u8d28\u5b9e\u65bd\u3002<\/p>\n\n\n\n<p>\u672c\u653f\u7b56\u89e3\u91ca\u4e86\u5728\u5546\u4e1a\u3001\u793e\u4f1a\u8d23\u4efb\u53ca\u7c7b\u4f3c\u6d3b\u52a8\u4e2d\u5206\u4eab\u7684\u4e2a\u4eba\u6570\u636e\u5982\u4f55\u4f9d\u636eKVKK\u539f\u5219\u8fdb\u884c\u5904\u7406\u3001\u5b58\u50a8\u3001\u4f20\u8f93\u3001\u5220\u9664\u6216\u533f\u540d\u5316\u3002<\/p>\n\n\n\n<p>2-\u9002\u7528\u8303\u56f4<\/p>\n\n\n\n<p>\u672c\u653f\u7b56\u9002\u7528\u4e8e\u516c\u53f8\u5904\u7406\u7684\u6240\u6709\u4e2a\u4eba\u6570\u636e\uff0c\u5305\u62ec\u5ba2\u6237\u3001\u4e1a\u52a1\u8054\u7cfb\u3001\u5408\u4f5c\u4f19\u4f34\u3001\u5458\u5de5\u3001\u4f9b\u5e94\u5546\u3001\u4ee3\u5de5\u5382\u3001\u6f5c\u5728\u5ba2\u6237\u53ca\u5176\u4ed6\u7b2c\u4e09\u65b9\u3002<\/p>\n\n\n\n<p>\u672c\u653f\u7b56\u9002\u7528\u4e8e\u516c\u53f8\u62e5\u6709\u6216\u7ba1\u7406\u7684\u3001\u6240\u6709\u4e2a\u4eba\u6570\u636e\u5904\u7406\u6d3b\u52a8\uff0c\u5e76\u5728\u5236\u5b9a\u8fc7\u7a0b\u4e2d\u53c2\u8003\u4e86KVKK\u3001\u76f8\u5173\u4e2a\u4eba\u6570\u636e\u6cd5\u5f8b\u6cd5\u89c4\u53ca\u56fd\u9645\u6807\u51c6\u3002<\/p>\n\n\n\n<p>3-\u5b9a\u4e49\u4e0e\u7f29\u7565\u8bed<\/p>\n\n\n\n<p>\u672c\u8282\u7b80\u8981\u8bf4\u660e\u653f\u7b56\u4e2d\u4f7f\u7528\u7684\u4e13\u7528\u672f\u8bed\u3001\u6982\u5ff5\u53ca\u7f29\u7565\u8bed\u3002<\/p>\n\n\n\n<ul class=\"wp-block-list\">\n<li>\u516c\u53f8\uff1aBOSS4\u623f\u5730\u4ea7\u5efa\u7b51\u5de5\u4e1a\u4e0e\u5bf9\u5916\u8d38\u6613\u80a1\u4efd\u516c\u53f8<\/li>\n\n\n\n<li>\u660e\u786e\u540c\u610f\uff1a\u9488\u5bf9\u7279\u5b9a\u4e8b\u9879\uff0c\u5728\u77e5\u60c5\u548c\u81ea\u613f\u57fa\u7840\u4e0a\u660e\u786e\u7ed9\u4e88\u7684\u3001\u65e0\u6b67\u4e49\u7684\u3001\u4ec5\u9650\u4e8e\u8be5\u64cd\u4f5c\u7684\u6279\u51c6\u3002<\/li>\n\n\n\n<li>\u533f\u540d\u5316\uff1a\u5c06\u4e2a\u4eba\u6570\u636e\u5904\u7406\u4e3a\u5373\u4f7f\u4e0e\u5176\u4ed6\u6570\u636e\u5339\u914d\uff0c\u4e5f\u65e0\u6cd5\u5173\u8054\u81f3\u4efb\u4f55\u7279\u5b9a\u6216\u53ef\u8bc6\u522b\u7684\u81ea\u7136\u4eba\u3002<\/li>\n\n\n\n<li>\u5458\u5de5\uff1a\u516c\u53f8\u4eba\u5458<\/li>\n\n\n\n<li>\u6570\u636e\u4e3b\u4f53\uff08\u76f8\u5173\u4eba\u5458\uff09\uff1a\u4e2a\u4eba\u6570\u636e\u88ab\u5904\u7406\u7684\u81ea\u7136\u4eba<\/li>\n\n\n\n<li>\u4e2a\u4eba\u6570\u636e\uff1a\u4e0e\u7279\u5b9a\u6216\u53ef\u8bc6\u522b\u81ea\u7136\u4eba\u76f8\u5173\u7684\u6240\u6709\u4fe1\u606f<\/li>\n\n\n\n<li>\u7279\u6b8a\u7c7b\u522b\u4e2a\u4eba\u6570\u636e\uff1a\u5305\u62ec\u4e2a\u4eba\u7684\u79cd\u65cf\u3001\u65cf\u88d4\u3001\u653f\u6cbb\u89c2\u70b9\u3001\u54f2\u5b66\u4fe1\u4ef0\u3001\u5b97\u6559\u6216\u5176\u4ed6\u4fe1\u4ef0\u3001\u670d\u9970\u3001\u534f\u4f1a\u3001\u57fa\u91d1\u4f1a\u6216\u5de5\u4f1a\u4f1a\u5458\u8d44\u683c\u3001\u5065\u5eb7\u3001\u6027\u751f\u6d3b\u3001\u5211\u4e8b\u5b9a\u7f6a\u53ca\u5b89\u5168\u63aa\u65bd\u6570\u636e\uff0c\u4ee5\u53ca\u751f\u7269\u8bc6\u522b\u548c\u57fa\u56e0\u6570\u636e<\/li>\n\n\n\n<li>\u4e2a\u4eba\u6570\u636e\u5904\u7406\uff1a\u5bf9\u4e2a\u4eba\u6570\u636e\u8fdb\u884c\u7684\u4efb\u4f55\u64cd\u4f5c\uff0c\u5305\u62ec\u5b8c\u5168\u6216\u90e8\u5206\u81ea\u52a8\u5904\u7406\uff0c\u6216\u901a\u8fc7\u4efb\u4f55\u6570\u636e\u8bb0\u5f55\u7cfb\u7edf\u975e\u81ea\u52a8\u65b9\u5f0f\u5904\u7406\u3001\u8bb0\u5f55\u3001\u5b58\u50a8\u3001\u4fdd\u5b58\u3001\u4fee\u6539\u3001\u91cd\u65b0\u7ec4\u7ec7\u3001\u62ab\u9732\u3001\u4f20\u8f93\u3001\u83b7\u53d6\u3001\u5206\u7c7b\u6216\u9650\u5236\u4f7f\u7528\u7b49\u3002<\/li>\n\n\n\n<li>\u6570\u636e\u5904\u7406\u8005\uff1a\u6839\u636e\u6570\u636e\u63a7\u5236\u8005\u6388\u6743\uff0c\u4e3a\u6570\u636e\u63a7\u5236\u8005\u5904\u7406\u4e2a\u4eba\u6570\u636e\u7684\u81ea\u7136\u4eba\u6216\u6cd5\u4eba<\/li>\n\n\n\n<li>\u6570\u636e\u63a7\u5236\u8005\uff1a\u786e\u5b9a\u4e2a\u4eba\u6570\u636e\u5904\u7406\u76ee\u7684\u548c\u624b\u6bb5\uff0c\u5e76\u8d1f\u8d23\u6570\u636e\u8bb0\u5f55\u7cfb\u7edf\u5efa\u7acb\u548c\u7ba1\u7406\u7684\u81ea\u7136\u4eba\u6216\u6cd5\u4eba<\/li>\n\n\n\n<li>KVKK\u59d4\u5458\u4f1a\uff1a\u4e2a\u4eba\u6570\u636e\u4fdd\u62a4\u59d4\u5458\u4f1a<\/li>\n\n\n\n<li>KVKK\u673a\u6784\uff1a\u4e2a\u4eba\u6570\u636e\u4fdd\u62a4\u673a\u6784<\/li>\n\n\n\n<li>KVKK\uff1a2016\u5e744\u67087\u65e5\u53d1\u5e03\u5728\u7b2c29677\u53f7\u5b98\u65b9\u516c\u62a5\u7684\u4e2a\u4eba\u6570\u636e\u4fdd\u62a4\u6cd5<\/li>\n\n\n\n<li>\u653f\u7b56\uff1aBOSS4\u623f\u5730\u4ea7\u5efa\u7b51\u5de5\u4e1a\u4e0e\u5bf9\u5916\u8d38\u6613\u80a1\u4efd\u516c\u53f8\u4e2a\u4eba\u6570\u636e\u4fdd\u62a4\u4e0e\u5904\u7406\u653f\u7b56<\/li>\n<\/ul>\n\n\n\n<p>4-\u89d2\u8272\u4e0e\u8d23\u4efb<\/p>\n\n\n\n<p>\u516c\u53f8\u7ba1\u7406\u5c42\u8d1f\u8d23\u76d1\u7763\u653f\u7b56\u3001\u89c4\u5219\u548c\u89c4\u5b9a\u672a\u88ab\u9075\u5b88\u65f6\u7684\u901a\u77e5\u3001\u5ba1\u67e5\u53ca\u5236\u88c1\u673a\u5236\u7684\u8bbe\u5b9a\u548c\u8fd0\u884c\u3002<\/p>\n\n\n\n<p>5-\u6cd5\u5f8b\u4e49\u52a1<\/p>\n\n\n\n<p>\u6839\u636eKVKK\uff0c\u4f5c\u4e3a\u6570\u636e\u63a7\u5236\u8005\uff0c\u6211\u4eec\u5728\u4e2a\u4eba\u6570\u636e\u4fdd\u62a4\u548c\u5904\u7406\u65b9\u9762\u7684\u6cd5\u5f8b\u4e49\u52a1\u5982\u4e0b\uff1a<\/p>\n\n\n\n<p>5.1. \u4fe1\u606f\u544a\u77e5\u4e49\u52a1<\/p>\n\n\n\n<p>\u5728\u6536\u96c6\u4e2a\u4eba\u6570\u636e\u65f6\uff0c\u5e94\u5411\u6570\u636e\u4e3b\u4f53\u8bf4\u660e\uff1a<\/p>\n\n\n\n<ul class=\"wp-block-list\">\n<li>\u6570\u636e\u5904\u7406\u76ee\u7684<\/li>\n\n\n\n<li>\u6211\u4eec\u53ca\u5982\u6709\u4ee3\u8868\u4eba\u7684\u8eab\u4efd\u4fe1\u606f<\/li>\n\n\n\n<li>\u6570\u636e\u53ef\u80fd\u4f20\u8f93\u7684\u5bf9\u8c61\u53ca\u76ee\u7684<\/li>\n\n\n\n<li>\u6570\u636e\u6536\u96c6\u65b9\u5f0f\u53ca\u6cd5\u5f8b\u4f9d\u636e<\/li>\n\n\n\n<li>\u6cd5\u5f8b\u8d4b\u4e88\u7684\u6743\u5229<\/li>\n<\/ul>\n\n\n\n<p>\u6211\u4eec\u786e\u4fdd\u672c\u653f\u7b56\u516c\u5f00\u3001\u6613\u61c2\u3001\u4fbf\u4e8e\u8bbf\u95ee\u3002<\/p>\n\n\n\n<p>5.2. \u6570\u636e\u5b89\u5168\u4e49\u52a1<\/p>\n\n\n\n<p>\u4f5c\u4e3a\u6570\u636e\u63a7\u5236\u8005\uff0c\u6211\u4eec\u6839\u636e\u6cd5\u5f8b\u89c4\u5b9a\u91c7\u53d6\u884c\u653f\u548c\u6280\u672f\u63aa\u65bd\u4fdd\u62a4\u6240\u6301\u6709\u7684\u4e2a\u4eba\u6570\u636e\u3002\u76f8\u5173\u63aa\u65bd\u5728\u653f\u7b56\u7b2c9\u548c\u7b2c10\u8282\u8be6\u7ec6\u8bf4\u660e\u3002<\/p>\n\n\n\n<p>6-\u4e2a\u4eba\u6570\u636e\u5206\u7c7b<\/p>\n\n\n\n<p>6.1. \u4e2a\u4eba\u6570\u636e<\/p>\n\n\n\n<p>\u4e2a\u4eba\u6570\u636e\u662f\u4e0e\u7279\u5b9a\u6216\u53ef\u8bc6\u522b\u81ea\u7136\u4eba\u76f8\u5173\u7684\u6240\u6709\u4fe1\u606f\u3002\u4ec5\u9650\u81ea\u7136\u4eba\u4fe1\u606f\u53d7\u4fdd\u62a4\uff0c\u6cd5\u4eba\u4fe1\u606f\u6216\u4e0d\u5305\u542b\u81ea\u7136\u4eba\u4fe1\u606f\u7684\u6570\u636e\u4e0d\u5728\u4fdd\u62a4\u8303\u56f4\u5185\uff0c\u56e0\u6b64\u672c\u653f\u7b56\u4e0d\u9002\u7528\u4e8e\u6cd5\u4eba\u6570\u636e\u3002<\/p>\n\n\n\n<p>6.2. \u7279\u6b8a\u7c7b\u522b\u4e2a\u4eba\u6570\u636e<\/p>\n\n\n\n<p>\u5305\u62ec\u4e2a\u4eba\u7684\u79cd\u65cf\u3001\u65cf\u88d4\u3001\u653f\u6cbb\u89c2\u70b9\u3001\u54f2\u5b66\u4fe1\u4ef0\u3001\u5b97\u6559\u6216\u5176\u4ed6\u4fe1\u4ef0\u3001\u670d\u9970\u3001\u534f\u4f1a\u3001\u57fa\u91d1\u4f1a\u6216\u5de5\u4f1a\u4f1a\u5458\u8d44\u683c\u3001\u5065\u5eb7\u3001\u6027\u751f\u6d3b\u3001\u5211\u4e8b\u5b9a\u7f6a\u53ca\u5b89\u5168\u63aa\u65bd\u6570\u636e\uff0c\u4ee5\u53ca\u751f\u7269\u8bc6\u522b\u548c\u57fa\u56e0\u6570\u636e\u3002<\/p>\n\n\n\n<p>7-\u4e2a\u4eba\u6570\u636e\u5904\u7406<\/p>\n\n\n\n<p>7.1. \u5904\u7406\u539f\u5219<\/p>\n\n\n\n<p>\u6211\u4eec\u9075\u5faa\u4ee5\u4e0b\u539f\u5219\u5904\u7406\u4e2a\u4eba\u6570\u636e\uff1a<\/p>\n\n\n\n<p>7.1.1. \u5408\u6cd5\u548c\u8bda\u4fe1\u5904\u7406<\/p>\n\n\n\n<p>\u4e2a\u4eba\u6570\u636e\u5e94\u5728\u8bda\u4fe1\u3001\u900f\u660e\u53ca\u4fe1\u606f\u544a\u77e5\u4e49\u52a1\u6846\u67b6\u4e0b\u5904\u7406\u3002<\/p>\n\n\n\n<p>7.1.2. \u786e\u4fdd\u6570\u636e\u51c6\u786e\u548c\u53ca\u65f6\u66f4\u65b0<\/p>\n\n\n\n<p>\u6211\u4eec\u91c7\u53d6\u5fc5\u8981\u63aa\u65bd\u4fdd\u8bc1\u6570\u636e\u7684\u51c6\u786e\u6027\u548c\u53ca\u65f6\u6027\uff0c\u5e76\u5141\u8bb8\u6570\u636e\u4e3b\u4f53\u66f4\u65b0\u6216\u7ea0\u6b63\u9519\u8bef\u6570\u636e\u3002<\/p>\n\n\n\n<p>7.1.3. \u7279\u5b9a\u3001\u660e\u786e\u548c\u5408\u6cd5\u76ee\u7684<\/p>\n\n\n\n<p>\u516c\u53f8\u660e\u786e\u5904\u7406\u8303\u56f4\u548c\u5185\u5bb9\uff0c\u5e76\u5728\u6cd5\u5f8b\u53ca\u5546\u4e1a\u5e38\u89c4\u4e0b\uff0c\u4e3a\u5408\u6cd5\u76ee\u7684\u5904\u7406\u4e2a\u4eba\u6570\u636e\u3002<\/p>\n\n\n\n<p>7.1.4. \u6570\u636e\u5904\u7406\u5e94\u4e0e\u76ee\u7684\u76f8\u5173\u3001\u6709\u9650\u4e14\u9002\u5ea6<\/p>\n\n\n\n<p>\u4ec5\u4e3a\u660e\u786e\u76ee\u7684\u5904\u7406\u6570\u636e\uff0c\u907f\u514d\u4e0d\u76f8\u5173\u6216\u4e0d\u5fc5\u8981\u7684\u5904\u7406\u3002\u7279\u6b8a\u7c7b\u522b\u6570\u636e\u5904\u7406\u9700\u53d6\u5f97\u660e\u786e\u540c\u610f\u3002<\/p>\n\n\n\n<p>7.1.5. \u6cd5\u5f8b\u89c4\u5b9a\u53ca\u5546\u4e1a\u5408\u7406\u5229\u76ca\u4e0b\u7684\u5b58\u50a8<\/p>\n\n\n\n<p>\u4f9d\u636e\u6cd5\u89c4\u8981\u6c42\u4fdd\u5b58\u6570\u636e\uff0c\u5e76\u5728\u76ee\u7684\u8fbe\u6210\u6216\u4fdd\u5b58\u671f\u7ed3\u675f\u540e\u5220\u9664\u3001\u9500\u6bc1\u6216\u533f\u540d\u5316\u3002<\/p>\n\n\n\n<p>7.2. \u6570\u636e\u4e3b\u4f53\u660e\u786e\u540c\u610f<\/p>\n\n\n\n<p>\u9664\u6cd5\u5f8b\u53e6\u6709\u89c4\u5b9a\u65e0\u9700\u540c\u610f\u7684\u60c5\u51b5\u5916\uff0c\u9700\u53d6\u5f97\u6570\u636e\u4e3b\u4f53\u660e\u786e\u540c\u610f\u3002<\/p>\n\n\n\n<p>7.3. \u6570\u636e\u5904\u7406\u76ee\u7684<\/p>\n\n\n\n<p>\u5305\u62ec\u4f46\u4e0d\u9650\u4e8e\uff1a\u6d3b\u52a8\u6267\u884c\u3001\u5408\u540c\u4e49\u52a1\u5c65\u884c\u3001\u5ba2\u6237\u9700\u6c42\u5206\u6790\u3001\u6cd5\u5f8b\u5408\u89c4\u3001\u5e02\u573a\u8c03\u7814\u3001\u62db\u8058\u8bc4\u4f30\u3001\u6c9f\u901a\u8054\u7cfb\u3001\u8425\u9500\u3001\u5408\u89c4\u7ba1\u7406\u3001\u4f9b\u5e94\u5546\u7ba1\u7406\u3001\u5e7f\u544a\u5ba3\u4f20\u3001\u6cd5\u5f8b\u62a5\u544a\u53ca\u5f00\u7968\u7b49\u3002<\/p>\n\n\n\n<p>7.4. \u7279\u6b8a\u7c7b\u522b\u6570\u636e\u5904\u7406<\/p>\n\n\n\n<p>\u9664\u5065\u5eb7\u548c\u6027\u76f8\u5173\u6570\u636e\u5916\uff0c\u5728\u6cd5\u5f8b\u89c4\u5b9a\u60c5\u51b5\u4e0b\u53ef\u5904\u7406\uff0c\u5176\u4ed6\u60c5\u51b5\u4e0b\u9700\u6570\u636e\u4e3b\u4f53\u660e\u786e\u540c\u610f\u3002<\/p>\n\n\n\n<p>\u5065\u5eb7\u548c\u6027\u6570\u636e\u4ec5\u5728\u516c\u5171\u5065\u5eb7\u3001\u9884\u9632\u533b\u5b66\u3001\u533b\u7597\u8bca\u65ad\u3001\u6cbb\u7597\u548c\u62a4\u7406\u670d\u52a1\u3001\u5065\u5eb7\u670d\u52a1\u89c4\u5212\u4e0e\u7ba1\u7406\u7b49\u76ee\u7684\uff0c\u7531\u4fdd\u5bc6\u8d23\u4efb\u4eba\u6216\u6388\u6743\u673a\u6784\u5728\u65e0\u9700\u660e\u786e\u540c\u610f\u60c5\u51b5\u4e0b\u5904\u7406\u3002<\/p>\n\n\n\n<p>7.5. \u7f51\u7ad9Cookie\u6570\u636e\u5904\u7406<\/p>\n\n\n\n<p>\u901a\u8fc7Cookie\u6536\u96c6IP\u4fe1\u606f\uff0c\u7528\u4e8e\u4f18\u5316\u7f51\u7ad9\u4f53\u9a8c\u548c\u4e2a\u6027\u5316\u670d\u52a1\uff0c\u4f7f\u7528\u7ed3\u675f\u540e\u516c\u53f8\u65e0\u6cd5\u8bbf\u95ee\u8be5\u4fe1\u606f\u3002<\/p>\n\n\n\n<p>7.6. \u4eba\u529b\u8d44\u6e90\u4e0e\u96c7\u4f63\u76ee\u7684<\/p>\n\n\n\n<p>\u6c42\u804c\u8005\u63d0\u4f9b\u7684\u7b80\u5386\u3001\u5b66\u5386\u7b49\u4e2a\u4eba\u4fe1\u606f\u7528\u4e8e\u804c\u4f4d\u8bc4\u4f30\u3001\u5b58\u50a8\u548c\u4f20\u8f93\uff0c\u5c5e\u4e8e\u672c\u653f\u7b56\u8303\u56f4\u3002<\/p>\n\n\n\n<p>7.7. \u65e0\u9700\u540c\u610f\u7684\u4f8b\u5916\u60c5\u51b5<\/p>\n\n\n\n<p>\u5982\u6cd5\u5f8b\u660e\u786e\u89c4\u5b9a\u3001\u5408\u540c\u5c65\u884c\u3001\u5408\u6cd5\u6743\u76ca\u4fdd\u62a4\u3001\u516c\u5171\u5229\u76ca\u3001\u6570\u636e\u4e3b\u4f53\u5df2\u516c\u5f00\u4fe1\u606f\u7b49\u60c5\u51b5\u4e0b\uff0c\u53ef\u65e0\u9700\u540c\u610f\u5904\u7406\u6570\u636e\u3002<\/p>\n\n\n\n<p>8-\u4e2a\u4eba\u6570\u636e\u4f20\u8f93<\/p>\n\n\n\n<p>8.1. \u56fd\u5185\u4f20\u8f93<\/p>\n\n\n\n<p>\u9664\u6cd5\u5f8b\u4f8b\u5916\u60c5\u51b5\u5916\uff0c\u672a\u7ecf\u6570\u636e\u4e3b\u4f53\u6216\u672a\u6210\u5e74\u76d1\u62a4\u4eba\u660e\u786e\u540c\u610f\uff0c\u4e0d\u5411\u5176\u4ed6\u4e2a\u4eba\u6216\u6cd5\u4eba\u4f20\u8f93\u6570\u636e\u3002<\/p>\n\n\n\n<p>8.2. \u56fd\u9645\u4f20\u8f93<\/p>\n\n\n\n<p>\u4ec5\u5728\u6570\u636e\u4e3b\u4f53\u660e\u786e\u540c\u610f\u53ca\u7b26\u5408\u6cd5\u5f8b\u89c4\u5b9a\u7684\u60c5\u51b5\u4e0b\uff0c\u53ef\u5411\u4fdd\u969c\u5145\u5206\u7684\u56fd\u5bb6\u4f20\u8f93\u4e2a\u4eba\u6570\u636e\u3002<\/p>\n\n\n\n<p>8.3. \u63a5\u6536\u65b9<\/p>\n\n\n\n<p>\u5305\u62ec\u4f46\u4e0d\u9650\u4e8e\u4f9b\u5e94\u5546\u3001\u5ba2\u6237\u3001\u5408\u4f5c\u4f19\u4f34\u3001\u96c6\u56e2\u516c\u53f8\u3001\u6cd5\u5f8b\u6388\u6743\u673a\u6784\u53ca\u7b2c\u4e09\u65b9\u670d\u52a1\u63d0\u4f9b\u8005\uff0c\u4f9d\u636e\u6cd5\u5f8b\u7b2c8\u548c9\u6761\u89c4\u5b9a\u4f20\u8f93\u6570\u636e\u3002<\/p>\n\n\n\n<p>8.4. \u5408\u6cd5\u4f20\u8f93\u63aa\u65bd<\/p>\n\n\n\n<p>\u91c7\u53d6\u6280\u672f\u63aa\u65bd\uff08\u6570\u636e\u5b58\u50a8\u3001\u6570\u636e\u5e93\u5b89\u5168\u3001\u6280\u672f\u57fa\u7840\u8bbe\u65bd\u3001\u98ce\u9669\u9632\u63a7\u3001\u6740\u6bd2\u3001\u9632\u706b\u5899\uff09<br>\u91c7\u53d6\u884c\u653f\u63aa\u65bd\uff08\u8bbf\u95ee\u6743\u9650\u7ba1\u7406\u3001\u5458\u5de5\u57f9\u8bad\u3001\u5408\u540c\u7ea6\u675f\u53ca\u653f\u7b56\u7ba1\u7406\uff09<\/p>\n\n\n\n<p>9-\u4e2a\u4eba\u6570\u636e\u5b58\u50a8<\/p>\n\n\n\n<p>9.1. \u5b58\u50a8\u671f\u9650<\/p>\n\n\n\n<p>\u4f9d\u636e\u6cd5\u5f8b\u53ca\u5904\u7406\u76ee\u7684\u6240\u9700\u65f6\u95f4\u5b58\u50a8\u6570\u636e\uff0c\u76ee\u7684\u7ec8\u6b62\u6216\u6570\u636e\u4e3b\u4f53\u8981\u6c42\u5220\u9664\u65f6\uff0c\u5220\u9664\u3001\u9500\u6bc1\u6216\u533f\u540d\u5316\u5904\u7406\u3002<\/p>\n\n\n\n<p>9.2. \u5b58\u50a8\u63aa\u65bd<\/p>\n\n\n\n<p>\u6280\u672f\u63aa\u65bd\uff1a\u5efa\u7acb\u5220\u9664\u3001\u9500\u6bc1\u3001\u533f\u540d\u5316\u6280\u672f\u53ca\u76d1\u7763\u673a\u5236\uff1b\u5b89\u5168\u5b58\u50a8\u63aa\u65bd<br>\u884c\u653f\u63aa\u65bd\uff1a\u5458\u5de5\u57f9\u8bad\uff0c\u7b2c\u4e09\u65b9\u5408\u4f5c\u5408\u540c\u4fdd\u969c\u6570\u636e\u5b89\u5168<\/p>\n\n\n\n<p>10-\u4e2a\u4eba\u6570\u636e\u5b89\u5168<\/p>\n\n\n\n<p>10.1. \u5b89\u5168\u4e49\u52a1<\/p>\n\n\n\n<p>\u9632\u6b62\u975e\u6cd5\u5904\u7406\u3001\u975e\u6cd5\u8bbf\u95ee\uff0c\u786e\u4fdd\u5408\u6cd5\u5b58\u50a8\uff0c\u5e76\u91c7\u53d6\u6280\u672f\u53ca\u884c\u653f\u63aa\u65bd\u3002<\/p>\n\n\n\n<p>10.2. \u9632\u6b62\u975e\u6cd5\u5904\u7406\u63aa\u65bd<\/p>\n\n\n\n<p>\u5185\u90e8\u5ba1\u67e5\u3001\u5458\u5de5\u57f9\u8bad\u3001\u7b2c\u4e09\u65b9\u5408\u4f5c\u5408\u540c\u5b89\u5168\u6761\u6b3e\u3001\u5f02\u5e38\u62ab\u9732\u65f6\u5411KVKK\u62a5\u544a\u3002<\/p>\n\n\n\n<p>11-\u6570\u636e\u4e3b\u4f53\u6743\u5229<\/p>\n\n\n\n<p>\u5305\u62ec\uff1a\u67e5\u8be2\u5904\u7406\u60c5\u51b5\u3001\u83b7\u53d6\u4fe1\u606f\u3001\u77e5\u6653\u76ee\u7684\u3001\u4e86\u89e3\u4f20\u8f93\u65b9\u3001\u7ea0\u6b63\u9519\u8bef\u6570\u636e\u3001\u5220\u9664\u6216\u9500\u6bc1\u6570\u636e\u3001\u901a\u77e5\u7b2c\u4e09\u65b9\u3001\u53cd\u5bf9\u81ea\u52a8\u5206\u6790\u7ed3\u679c\u3001\u7d22\u8d54\u635f\u5931\u7b49\u6743\u5229\u3002<\/p>\n\n\n\n<p>11.1. \u6743\u5229\u884c\u4f7f<\/p>\n\n\n\n<p>\u6570\u636e\u4e3b\u4f53\u53ef\u901a\u8fc7KVKK\u89c4\u5b9a\u65b9\u6cd5\u6216\u516c\u53f8\u5730\u5740\u63d0\u4ea4\u4e66\u9762\u7533\u8bf7\uff0c\u5e76\u9644\u8eab\u4efd\u9a8c\u8bc1\u6587\u4ef6\u3002\u5982\u4e3a\u672a\u6210\u5e74\u4eba\uff0c\u7531\u76d1\u62a4\u4eba\u63d0\u4ea4\u3002<\/p>\n\n\n\n<p><\/p>\n","protected":false},"excerpt":{"rendered":"<p>\u4e2a\u4eba\u6570\u636e\u4fdd\u62a4\u3001\u5904\u7406\u4e0e\u9690\u79c1 1-\u76ee\u7684 \u4f5c\u4e3aBOSS4\u623f\u5730\u4ea7\u5efa\u7b51\u5de5\u4e1a\u4e0e\u5bf9\u5916\u8d38\u6613\u80a1\u4efd\u516c\u53f8\uff08BOSS4 GAYRIMENKUL \u0130N\u015eAAT SANAY\u0130 VE DI\u015e T\u0130CARET A.\u015e.\uff09\uff0c\u6211\u4eec\u7684\u9996\u8981\u4efb\u52a1\u662f\u786e\u4fdd\u5305\u62ec\u5ba2\u6237\u3001\u4f9b\u5e94\u5546\u548c\u5458\u5de5\u5728\u5185\u7684\u81ea\u7136\u4eba\u7684\u4e2a\u4eba\u6570\u636e\uff0c\u6839\u636e\u571f\u8033\u5176\u5171\u548c\u56fd\u5baa\u6cd5\u3001\u6211\u56fd\u6240\u52a0\u5165\u7684\u56fd\u9645\u4eba\u6743\u6761\u7ea6\uff0c\u4ee5\u53ca\u300a\u4e2a\u4eba\u6570\u636e\u4fdd\u62a4\u6cd5\u300b\uff08\u7f16\u53f76698\uff0c\u201cKVKK\u201d\uff09\u7b49\u76f8\u5173\u6cd5\u89c4\u5f97\u5230\u5904\u7406\uff0c\u5e76\u786e\u4fdd\u6570\u636e\u4e3b\u4f53\u80fd\u591f\u6709\u6548\u884c\u4f7f\u5176\u6743\u5229\u3002 \u56e0\u6b64\uff0c\u5305\u62ec\u4f46\u4e0d\u9650\u4e8e\u4ee5\u4e0b\u60c5\u51b5\uff1a\u6211\u4eec\u5728\u6d3b\u52a8\u4e2d\u83b7\u53d6\u7684\u5458\u5de5\u3001\u4f9b\u5e94\u5546\u3001\u5ba2\u6237\u3001\u6f5c\u5728\u5ba2\u6237\u3001\u8bbf\u95ee\u6211\u4eec\u7f51\u7ad9\u7684\u7528\u6237\uff0c\u901a\u8fc7\u81ea\u52a8\u6216\u975e\u81ea\u52a8\u65b9\u5f0f\uff08\u5373\u4f7f\u662f\u4efb\u4f55\u6570\u636e\u8bb0\u5f55\u7cfb\u7edf\u7684\u4e00\u90e8\u5206\uff09\u83b7\u5f97\u7684\u6240\u6709\u4e2a\u4eba\u6570\u636e\u7684\u5904\u7406\u3001\u5b58\u50a8\u548c\u4f20\u8f93\u5747\u4f9d\u7167BOSS4\u623f\u5730\u4ea7\u5efa\u7b51\u5de5\u4e1a\u4e0e\u5bf9\u5916\u8d38\u6613\u80a1\u4efd\u516c\u53f8\u4e2a\u4eba\u6570\u636e\u4fdd\u62a4\u4e0e\u5904\u7406\u653f\u7b56\uff08\u201c\u653f\u7b56\u201d\uff09\u8fdb\u884c\u3002 \u4fdd\u62a4\u4e2a\u4eba\u6570\u636e\u5e76\u5c0a\u91cd\u6570\u636e\u4e3b\u4f53\u7684\u57fa\u672c\u6743\u5229\u548c\u81ea\u7531\uff0c\u662f\u6211\u4eec\u5904\u7406\u4e2a\u4eba\u6570\u636e\u653f\u7b56\u7684\u57fa\u672c\u539f\u5219\u3002\u56e0\u6b64\uff0c\u6211\u4eec\u7684\u6240\u6709\u6570\u636e\u5904\u7406\u6d3b\u52a8\u5747\u5728\u4fdd\u62a4\u79c1\u4eba\u751f\u6d3b\u3001\u901a\u4fe1\u79d8\u5bc6\u3001\u601d\u60f3\u4e0e\u4fe1\u4ef0\u81ea\u7531\u4ee5\u53ca\u6709\u6548\u6cd5\u5f8b\u9014\u5f84\u6743\u5229\u7684\u524d\u63d0\u4e0b\u8fdb\u884c\u3002 \u4e3a\u4e86\u4fdd\u62a4\u4e2a\u4eba\u6570\u636e\uff0c\u6211\u4eec\u91c7\u53d6\u6240\u6709\u5fc5\u8981\u7684\u884c\u653f\u548c\u6280\u672f\u4fdd\u62a4\u63aa\u65bd\uff0c\u4ee5\u7b26\u5408\u76f8\u5173\u6cd5\u89c4\u548c\u6700\u65b0\u6280\u672f\u8981\u6c42\uff0c\u5e76\u6839\u636e\u6570\u636e\u7684\u6027\u8d28\u5b9e\u65bd\u3002 \u672c\u653f\u7b56\u89e3\u91ca\u4e86\u5728\u5546\u4e1a\u3001\u793e\u4f1a\u8d23\u4efb\u53ca\u7c7b\u4f3c\u6d3b\u52a8\u4e2d\u5206\u4eab\u7684\u4e2a\u4eba\u6570\u636e\u5982\u4f55\u4f9d\u636eKVKK\u539f\u5219\u8fdb\u884c\u5904\u7406\u3001\u5b58\u50a8\u3001\u4f20\u8f93\u3001\u5220\u9664\u6216\u533f\u540d\u5316\u3002 2-\u9002\u7528\u8303\u56f4 \u672c\u653f\u7b56\u9002\u7528\u4e8e\u516c\u53f8\u5904\u7406\u7684\u6240\u6709\u4e2a\u4eba\u6570\u636e\uff0c\u5305\u62ec\u5ba2\u6237\u3001\u4e1a\u52a1\u8054\u7cfb\u3001\u5408\u4f5c\u4f19\u4f34\u3001\u5458\u5de5\u3001\u4f9b\u5e94\u5546\u3001\u4ee3\u5de5\u5382\u3001\u6f5c\u5728\u5ba2\u6237\u53ca\u5176\u4ed6\u7b2c\u4e09\u65b9\u3002 \u672c\u653f\u7b56\u9002\u7528\u4e8e\u516c\u53f8\u62e5\u6709\u6216\u7ba1\u7406\u7684\u3001\u6240\u6709\u4e2a\u4eba\u6570\u636e\u5904\u7406\u6d3b\u52a8\uff0c\u5e76\u5728\u5236\u5b9a\u8fc7\u7a0b\u4e2d\u53c2\u8003\u4e86KVKK\u3001\u76f8\u5173\u4e2a\u4eba\u6570\u636e\u6cd5\u5f8b\u6cd5\u89c4\u53ca\u56fd\u9645\u6807\u51c6\u3002 3-\u5b9a\u4e49\u4e0e\u7f29\u7565\u8bed \u672c\u8282\u7b80\u8981\u8bf4\u660e\u653f\u7b56\u4e2d\u4f7f\u7528\u7684\u4e13\u7528\u672f\u8bed\u3001\u6982\u5ff5\u53ca\u7f29\u7565\u8bed\u3002 4-\u89d2\u8272\u4e0e\u8d23\u4efb \u516c\u53f8\u7ba1\u7406\u5c42\u8d1f\u8d23\u76d1\u7763\u653f\u7b56\u3001\u89c4\u5219\u548c\u89c4\u5b9a\u672a\u88ab\u9075\u5b88\u65f6\u7684\u901a\u77e5\u3001\u5ba1\u67e5\u53ca\u5236\u88c1\u673a\u5236\u7684\u8bbe\u5b9a\u548c\u8fd0\u884c\u3002 5-\u6cd5\u5f8b\u4e49\u52a1 \u6839\u636eKVKK\uff0c\u4f5c\u4e3a\u6570\u636e\u63a7\u5236\u8005\uff0c\u6211\u4eec\u5728\u4e2a\u4eba\u6570\u636e\u4fdd\u62a4\u548c\u5904\u7406\u65b9\u9762\u7684\u6cd5\u5f8b\u4e49\u52a1\u5982\u4e0b\uff1a 5.1. \u4fe1\u606f\u544a\u77e5\u4e49\u52a1 \u5728\u6536\u96c6\u4e2a\u4eba\u6570\u636e\u65f6\uff0c\u5e94\u5411\u6570\u636e\u4e3b\u4f53\u8bf4\u660e\uff1a \u6211\u4eec\u786e\u4fdd\u672c\u653f\u7b56\u516c\u5f00\u3001\u6613\u61c2\u3001\u4fbf\u4e8e\u8bbf\u95ee\u3002 5.2. \u6570\u636e\u5b89\u5168\u4e49\u52a1 \u4f5c\u4e3a\u6570\u636e\u63a7\u5236\u8005\uff0c\u6211\u4eec\u6839\u636e\u6cd5\u5f8b\u89c4\u5b9a\u91c7\u53d6\u884c\u653f\u548c\u6280\u672f\u63aa\u65bd\u4fdd\u62a4\u6240\u6301\u6709\u7684\u4e2a\u4eba\u6570\u636e\u3002\u76f8\u5173\u63aa\u65bd\u5728\u653f\u7b56\u7b2c9\u548c\u7b2c10\u8282\u8be6\u7ec6\u8bf4\u660e\u3002 6-\u4e2a\u4eba\u6570\u636e\u5206\u7c7b 6.1. \u4e2a\u4eba\u6570\u636e \u4e2a\u4eba\u6570\u636e\u662f\u4e0e\u7279\u5b9a\u6216\u53ef\u8bc6\u522b\u81ea\u7136\u4eba\u76f8\u5173\u7684\u6240\u6709\u4fe1\u606f\u3002\u4ec5\u9650\u81ea\u7136\u4eba\u4fe1\u606f\u53d7\u4fdd\u62a4\uff0c\u6cd5\u4eba\u4fe1\u606f\u6216\u4e0d\u5305\u542b\u81ea\u7136\u4eba\u4fe1\u606f\u7684\u6570\u636e\u4e0d\u5728\u4fdd\u62a4\u8303\u56f4\u5185\uff0c\u56e0\u6b64\u672c\u653f\u7b56\u4e0d\u9002\u7528<\/p>\n","protected":false},"author":1,"featured_media":0,"parent":0,"menu_order":0,"comment_status":"closed","ping_status":"closed","template":"","meta":{"footnotes":""},"class_list":["post-1966","page","type-page","status-publish","hentry"],"_links":{"self":[{"href":"https:\/\/boss4.com.tr\/zh-hans\/wp-json\/wp\/v2\/pages\/1966","targetHints":{"allow":["GET"]}}],"collection":[{"href":"https:\/\/boss4.com.tr\/zh-hans\/wp-json\/wp\/v2\/pages"}],"about":[{"href":"https:\/\/boss4.com.tr\/zh-hans\/wp-json\/wp\/v2\/types\/page"}],"author":[{"embeddable":true,"href":"https:\/\/boss4.com.tr\/zh-hans\/wp-json\/wp\/v2\/users\/1"}],"replies":[{"embeddable":true,"href":"https:\/\/boss4.com.tr\/zh-hans\/wp-json\/wp\/v2\/comments?post=1966"}],"version-history":[{"count":1,"href":"https:\/\/boss4.com.tr\/zh-hans\/wp-json\/wp\/v2\/pages\/1966\/revisions"}],"predecessor-version":[{"id":1968,"href":"https:\/\/boss4.com.tr\/zh-hans\/wp-json\/wp\/v2\/pages\/1966\/revisions\/1968"}],"wp:attachment":[{"href":"https:\/\/boss4.com.tr\/zh-hans\/wp-json\/wp\/v2\/media?parent=1966"}],"curies":[{"name":"wp","href":"https:\/\/api.w.org\/{rel}","templated":true}]}}