{"id":1911,"date":"2025-07-08T16:41:34","date_gmt":"2025-07-08T13:41:34","guid":{"rendered":"https:\/\/boss4.com.tr\/%e4%ba%ba%e6%89%8d%e6%8b%9b%e8%81%98\/"},"modified":"2026-04-07T11:40:40","modified_gmt":"2026-04-07T08:40:40","slug":"%e4%ba%ba%e6%89%8d%e6%8b%9b%e8%81%98","status":"publish","type":"page","link":"https:\/\/boss4.com.tr\/zh-hans\/%e4%ba%ba%e6%89%8d%e6%8b%9b%e8%81%98\/","title":{"rendered":"\u4eba\u624d\u62db\u8058"},"content":{"rendered":"\t\t<div data-elementor-type=\"wp-page\" data-elementor-id=\"1911\" class=\"elementor elementor-1911\">\n\t\t\t\t<div class=\"elementor-element elementor-element-5fd5054 e-flex e-con-boxed wpr-particle-no wpr-jarallax-no wpr-parallax-no wpr-sticky-section-no wpr-equal-height-no e-con e-parent\" data-id=\"5fd5054\" data-element_type=\"container\" data-e-type=\"container\" data-settings=\"{&quot;background_background&quot;:&quot;classic&quot;,&quot;shape_divider_bottom&quot;:&quot;lqd-custom-shape-8&quot;}\">\n\t\t\t\t\t<div class=\"e-con-inner\">\n\t\t\t\t<div class=\"elementor-shape elementor-shape-bottom\" aria-hidden=\"true\" data-negative=\"false\">\n\t\t\t<svg class=\"lqd-custom-shape\" xmlns=\"http:\/\/www.w3.org\/2000\/svg\" viewBox=\"0 0 1440 100\" preserveAspectRatio=\"none\">\n    <path class=\"elementor-shape-fill\" id=\"Row_Separator\" data-name=\"Row Separator\" d=\"M1440,0Q1080,99,720,99T0,0V100H1440Z\" \/>\n<\/svg>\t\t<\/div>\n\t\t\t\t<div class=\"elementor-element elementor-element-b7e205c elementor-widget elementor-widget-hub_fancy_heading\" data-id=\"b7e205c\" data-element_type=\"widget\" data-e-type=\"widget\" data-widget_type=\"hub_fancy_heading.default\">\n\t\t\t\t<div class=\"elementor-widget-container\">\n\t\t\t\t\t\n\t\t<div id=\"ld-fancy-heading-69f3ab5531a3e\" class=\"ld-fancy-heading pos-rel\">\n\t\t\t<h1 class=\"ld-fh-element d-inline-block pos-rel  elementor-heading-title lqd-highlight-classic lqd-highlight-grow-left h1\"  > \u4eba\u624d\u62db\u8058<\/h1>\t\t<\/div>\n\n\t\t\t\t\t\t<\/div>\n\t\t\t\t<\/div>\n\t\t\t\t\t<\/div>\n\t\t\t\t<\/div>\n\t\t<div class=\"elementor-element elementor-element-fa4ebcb e-flex e-con-boxed wpr-particle-no wpr-jarallax-no wpr-parallax-no wpr-sticky-section-no wpr-equal-height-no e-con e-parent\" data-id=\"fa4ebcb\" data-element_type=\"container\" data-e-type=\"container\">\n\t\t\t\t\t<div class=\"e-con-inner\">\n\t\t\t\t<div class=\"elementor-element elementor-element-882dddc elementor-widget elementor-widget-text-editor\" data-id=\"882dddc\" data-element_type=\"widget\" data-e-type=\"widget\" data-widget_type=\"text-editor.default\">\n\t\t\t\t<div class=\"elementor-widget-container\">\n\t\t\t\t\t\t\t\t\t<p><b>\u8ba9\u6211\u4eec\u5171\u540c\u5efa\u8bbe\u672a\u6765<\/b><\/p><p>\u4f5c\u4e3aBOSS4 \u5efa\u7b51\uff0c\u6211\u4eec\u4e0d\u4ec5\u5efa\u8bbe\u4f4f\u5b85\uff0c\u66f4\u5efa\u8bbe\u5e0c\u671b\u3001\u4fe1\u4efb\u4e0e\u672a\u6765\u3002\u5728\u6211\u4eec\u7684\u6bcf\u4e00\u4e2a\u9879\u76ee\u4e2d\uff0c\u5bf9\u4eba\u624d\u7684\u8981\u6c42\u540c\u6837\u4ee5\u8d28\u91cf\u3001\u70ed\u60c5\u4e0e\u53ef\u6301\u7eed\u6027\u4e3a\u4f18\u5148\u3002\u56e0\u4e3a\u6211\u4eec\u77e5\u9053\uff0c\u6210\u529f\u6e90\u81ea\u62e5\u6709\u575a\u5b9e\u57fa\u7840\u7684\u56e2\u961f\u3002<\/p><p>\u6211\u4eec\u76f8\u4fe1\uff0c\u4e0e\u6211\u4eec\u5408\u4f5c\u7684\u6bcf\u4e2a\u4eba\u83b7\u5f97\u7684\u4e0d\u4ec5\u662f\u4e00\u4e2a\u804c\u4f4d\uff0c\u66f4\u662f\u4e00\u4e2a\u672a\u6765\u3002\u56e0\u6b64\uff0c\u6211\u4eec\u91cd\u89c6\u7684\u4e0d\u4ec5\u662f\u4f60\u7684\u80fd\u529b\uff0c\u8fd8\u6709\u4f60\u7684\u60f3\u6cd5\u3001\u70ed\u60c5\u548c\u6f5c\u529b\u3002<\/p><p>\u8fd9\u91cc\u4e3a\u6240\u6709\u5e0c\u671b\u81ea\u6211\u63d0\u5347\u3001\u4e13\u6ce8\u4e8e\u521b\u9020\u4ef7\u503c\u3001\u4e0d\u60e7\u627f\u62c5\u8d23\u4efb\u7684\u4eba\u63d0\u4f9b\u4e86\u4f4d\u7f6e\u3002\u65e0\u8bba\u4f60\u662f\u5728\u804c\u4e1a\u751f\u6daf\u521d\u671f\uff0c\u8fd8\u662f\u5728\u4e13\u4e1a\u9053\u8def\u4e0a\u524d\u884c\uff0cBOSS4 \u5efa\u7b51\u90fd\u5c06\u4e3a\u4f60\u63d0\u4f9b\u4e00\u4e2a\u4e0d\u65ad\u524d\u884c\u7684\u56e2\u961f\u3002<\/p><p>\u6211\u4eec\u5c06\u4f01\u4e1a\u613f\u666f\u4e0e\u5e74\u8f7b\u89c6\u89d2\u7ed3\u5408\uff0c\u5e76\u5c06\u7ecf\u9a8c\u4e0e\u521b\u65b0\u878d\u5408\u3002\u901a\u8fc7\u4ee5\u53d1\u5c55\u4e3a\u5bfc\u5411\u7684\u4eba\u529b\u8d44\u6e90\u653f\u7b56\uff0c\u6211\u4eec\u4e3a\u5458\u5de5\u63d0\u4f9b\u7684\u4e0d\u4ec5\u662f\u4e00\u4efd\u5de5\u4f5c\uff0c\u800c\u662f\u4e00\u6bb5\u5145\u6ee1\u542f\u53d1\u7684\u65c5\u7a0b\u3002<\/p><div>\u00a0<\/div><p><b>\u6765\u5427\uff0c\u8ba9\u6211\u4eec\u4e00\u8d77\u8bbe\u8ba1\u672a\u6765\u3002\u5728\u8fd9\u91cc\uff0c\u4e3a\u4f60\u7684\u6210\u529f\u4e4b\u65c5\u5960\u5b9a\u6700\u575a\u5b9e\u7684\u57fa\u7840\u3002<\/b><\/p>\t\t\t\t\t\t\t\t<\/div>\n\t\t\t\t<\/div>\n\t\t\t\t\t<\/div>\n\t\t\t\t<\/div>\n\t\t<div class=\"elementor-element elementor-element-4d2024b e-flex e-con-boxed wpr-particle-no wpr-jarallax-no wpr-parallax-no wpr-sticky-section-no wpr-equal-height-no e-con e-parent\" data-id=\"4d2024b\" data-element_type=\"container\" data-e-type=\"container\">\n\t\t\t\t\t<div class=\"e-con-inner\">\n\t\t<div class=\"elementor-element elementor-element-037367a e-con-full e-flex wpr-particle-no wpr-jarallax-no wpr-parallax-no wpr-sticky-section-no wpr-equal-height-no e-con e-child\" data-id=\"037367a\" data-element_type=\"container\" data-e-type=\"container\">\n\t\t\t\t<div class=\"elementor-element elementor-element-bf629fe elementor-widget elementor-widget-hub_fancy_heading\" data-id=\"bf629fe\" data-element_type=\"widget\" data-e-type=\"widget\" data-widget_type=\"hub_fancy_heading.default\">\n\t\t\t\t<div class=\"elementor-widget-container\">\n\t\t\t\t\t\n\t\t<div id=\"ld-fancy-heading-69f3ab55344f8\" class=\"ld-fancy-heading pos-rel\">\n\t\t\t<h2 class=\"ld-fh-element d-inline-block pos-rel  elementor-heading-title lqd-highlight-classic lqd-highlight-grow-left h2\"  > BOSS4 \u7684\u804c\u4e1a\u673a\u4f1a<\/h2>\t\t<\/div>\n\n\t\t\t\t\t\t<\/div>\n\t\t\t\t<\/div>\n\t\t\t\t<div class=\"elementor-element elementor-element-8144707 elementor-widget__width-initial elementor-widget-mobile__width-inherit elementor-widget elementor-widget-hub_fancy_heading\" data-id=\"8144707\" data-element_type=\"widget\" data-e-type=\"widget\" data-widget_type=\"hub_fancy_heading.default\">\n\t\t\t\t<div class=\"elementor-widget-container\">\n\t\t\t\t\t\n\t\t<div id=\"ld-fancy-heading-69f3ab5534beb\" class=\"ld-fancy-heading pos-rel\">\n\t\t\t<p class=\"ld-fh-element d-inline-block pos-rel  lqd-highlight-classic lqd-highlight-grow-left p\"  > \u52a0\u5165 BOSS4 \u5bb6\u5ead\uff0c\u5728\u901a\u5f80\u6210\u529f\u7684\u9053\u8def\u4e0a\u8fc8\u51fa\u7b2c\u4e00\u6b65<\/p>\t\t<\/div>\n\n\t\t\t\t\t\t<\/div>\n\t\t\t\t<\/div>\n\t\t\t\t<div class=\"elementor-element elementor-element-f4a0f99 elementor-align-left elementor-align-left elementor-widget elementor-widget-ld_icon_box\" data-id=\"f4a0f99\" data-element_type=\"widget\" data-e-type=\"widget\" data-widget_type=\"ld_icon_box.default\">\n\t\t\t\t<div class=\"elementor-widget-container\">\n\t\t\t\t\t\n\t\t\t<div id=\"ld_icon_box_f4a0f99\" class=\"iconbox d-flex flex-grow-1 pos-rel flex-wrap align-items-center iconbox-inline\"   >\n\n\t\t\t\t\n\t\t\t\t<div class=\"iconbox-icon-wrap  \"><div class=\"iconbox-icon-container d-inline-flex   \"><svg aria-hidden=\"true\" class=\"e-font-icon-svg e-fas-location-arrow\" viewBox=\"0 0 512 512\" xmlns=\"http:\/\/www.w3.org\/2000\/svg\"><path d=\"M444.52 3.52L28.74 195.42c-47.97 22.39-31.98 92.75 19.19 92.75h175.91v175.91c0 51.17 70.36 67.17 92.75 19.19l191.9-415.78c15.99-38.39-25.59-79.97-63.97-63.97z\"><\/path><\/svg><\/div><\/div>\n\t\t\t\t<p class=\"lqd-iconbox-heading \" >Atak\u00f6y 7-8-9-10 \u533a Mah. \u00c7oban\u00e7e\u015fme E5 \u8fb9\u8def\u8857 Atak\u00f6y Towers 20\/1 A \u680b\uff0c12 \u697c\uff0c\u529e\u516c\u53f7155-158-159-160-161\n\u5df4\u514b\u5c14\u79d1\u4f0a\/\u4f0a\u65af\u5766\u5e03\u5c14\uff0c\u571f\u8033\u5176\n <\/p>\n\t\t\t\t\n\t\t\t\t\n\t\t\t\t\t\t\t\t<p><\/p>\n\t\t\t\t\n\t\t\t\t\n\t\t\t\t\n\t\t\t<\/div>\n\n\t\t\t\t\t\t<\/div>\n\t\t\t\t<\/div>\n\t\t\t\t<div class=\"elementor-element elementor-element-f34dfb0 elementor-align-left elementor-align-left elementor-widget elementor-widget-ld_icon_box\" data-id=\"f34dfb0\" data-element_type=\"widget\" data-e-type=\"widget\" data-widget_type=\"ld_icon_box.default\">\n\t\t\t\t<div class=\"elementor-widget-container\">\n\t\t\t\t\t\n\t\t\t<div id=\"ld_icon_box_f34dfb0\" class=\"iconbox d-flex flex-grow-1 pos-rel flex-wrap align-items-center iconbox-inline\"   >\n\n\t\t\t\t\n\t\t\t\t<div class=\"iconbox-icon-wrap  \"><div class=\"iconbox-icon-container d-inline-flex   \"><svg aria-hidden=\"true\" class=\"e-font-icon-svg e-fas-envelope\" viewBox=\"0 0 512 512\" xmlns=\"http:\/\/www.w3.org\/2000\/svg\"><path d=\"M502.3 190.8c3.9-3.1 9.7-.2 9.7 4.7V400c0 26.5-21.5 48-48 48H48c-26.5 0-48-21.5-48-48V195.6c0-5 5.7-7.8 9.7-4.7 22.4 17.4 52.1 39.5 154.1 113.6 21.1 15.4 56.7 47.8 92.2 47.6 35.7.3 72-32.8 92.3-47.6 102-74.1 131.6-96.3 154-113.7zM256 320c23.2.4 56.6-29.2 73.4-41.4 132.7-96.3 142.8-104.7 173.4-128.7 5.8-4.5 9.2-11.5 9.2-18.9v-19c0-26.5-21.5-48-48-48H48C21.5 64 0 85.5 0 112v19c0 7.4 3.4 14.3 9.2 18.9 30.6 23.9 40.7 32.4 173.4 128.7 16.8 12.2 50.2 41.8 73.4 41.4z\"><\/path><\/svg><\/div><\/div>\n\t\t\t\t<p class=\"lqd-iconbox-heading \" >insankaynaklari@boss4.com.tr  <\/p>\n\t\t\t\t\n\t\t\t\t\n\t\t\t\t\t\t\t\t<p><\/p>\n\t\t\t\t\n\t\t\t\t\n\t\t\t\t\n\t\t\t<\/div>\n\n\t\t\t\t\t\t<\/div>\n\t\t\t\t<\/div>\n\t\t\t\t<div class=\"elementor-element elementor-element-d620eba elementor-align-left elementor-align-left elementor-widget elementor-widget-ld_icon_box\" data-id=\"d620eba\" data-element_type=\"widget\" data-e-type=\"widget\" data-widget_type=\"ld_icon_box.default\">\n\t\t\t\t<div class=\"elementor-widget-container\">\n\t\t\t\t\t\n\t\t\t<div id=\"ld_icon_box_d620eba\" class=\"iconbox d-flex flex-grow-1 pos-rel flex-wrap align-items-center iconbox-inline\"   >\n\n\t\t\t\t\n\t\t\t\t<div class=\"iconbox-icon-wrap  \"><div class=\"iconbox-icon-container d-inline-flex   \"><svg aria-hidden=\"true\" class=\"e-font-icon-svg e-fas-envelope\" viewBox=\"0 0 512 512\" xmlns=\"http:\/\/www.w3.org\/2000\/svg\"><path d=\"M502.3 190.8c3.9-3.1 9.7-.2 9.7 4.7V400c0 26.5-21.5 48-48 48H48c-26.5 0-48-21.5-48-48V195.6c0-5 5.7-7.8 9.7-4.7 22.4 17.4 52.1 39.5 154.1 113.6 21.1 15.4 56.7 47.8 92.2 47.6 35.7.3 72-32.8 92.3-47.6 102-74.1 131.6-96.3 154-113.7zM256 320c23.2.4 56.6-29.2 73.4-41.4 132.7-96.3 142.8-104.7 173.4-128.7 5.8-4.5 9.2-11.5 9.2-18.9v-19c0-26.5-21.5-48-48-48H48C21.5 64 0 85.5 0 112v19c0 7.4 3.4 14.3 9.2 18.9 30.6 23.9 40.7 32.4 173.4 128.7 16.8 12.2 50.2 41.8 73.4 41.4z\"><\/path><\/svg><\/div><\/div>\n\t\t\t\t<p class=\"lqd-iconbox-heading \" >info@boss4.com.tr <\/p>\n\t\t\t\t\n\t\t\t\t\n\t\t\t\t\t\t\t\t<p><\/p>\n\t\t\t\t\n\t\t\t\t\n\t\t\t\t\n\t\t\t<\/div>\n\n\t\t\t\t\t\t<\/div>\n\t\t\t\t<\/div>\n\t\t\t\t<div class=\"elementor-element elementor-element-5fb0b6f elementor-align-left elementor-align-left elementor-widget elementor-widget-ld_icon_box\" data-id=\"5fb0b6f\" data-element_type=\"widget\" data-e-type=\"widget\" data-widget_type=\"ld_icon_box.default\">\n\t\t\t\t<div class=\"elementor-widget-container\">\n\t\t\t\t\t\n\t\t\t<div id=\"ld_icon_box_5fb0b6f\" class=\"iconbox d-flex flex-grow-1 pos-rel flex-wrap align-items-center iconbox-inline\"   >\n\n\t\t\t\t\n\t\t\t\t<div class=\"iconbox-icon-wrap  \"><div class=\"iconbox-icon-container d-inline-flex   \"><svg aria-hidden=\"true\" class=\"e-font-icon-svg e-fas-phone-alt\" viewBox=\"0 0 512 512\" xmlns=\"http:\/\/www.w3.org\/2000\/svg\"><path d=\"M497.39 361.8l-112-48a24 24 0 0 0-28 6.9l-49.6 60.6A370.66 370.66 0 0 1 130.6 204.11l60.6-49.6a23.94 23.94 0 0 0 6.9-28l-48-112A24.16 24.16 0 0 0 122.6.61l-104 24A24 24 0 0 0 0 48c0 256.5 207.9 464 464 464a24 24 0 0 0 23.4-18.6l24-104a24.29 24.29 0 0 0-14.01-27.6z\"><\/path><\/svg><\/div><\/div>\n\t\t\t\t<p class=\"lqd-iconbox-heading \" >0212 400 16 16 <\/p>\n\t\t\t\t\n\t\t\t\t\n\t\t\t\t\t\t\t\t<p><\/p>\n\t\t\t\t\n\t\t\t\t\n\t\t\t\t\n\t\t\t<\/div>\n\n\t\t\t\t\t\t<\/div>\n\t\t\t\t<\/div>\n\t\t\t\t<\/div>\n\t\t<div class=\"elementor-element elementor-element-0ed7f30 e-con-full e-flex wpr-particle-no wpr-jarallax-no wpr-parallax-no wpr-sticky-section-no wpr-equal-height-no e-con e-child\" data-id=\"0ed7f30\" data-element_type=\"container\" data-e-type=\"container\">\n\t\t<div class=\"elementor-element elementor-element-8d729fb e-con-full e-flex wpr-particle-no wpr-jarallax-no wpr-parallax-no wpr-sticky-section-no wpr-equal-height-no e-con e-child\" data-id=\"8d729fb\" data-element_type=\"container\" data-e-type=\"container\" data-settings=\"{&quot;background_background&quot;:&quot;classic&quot;}\">\n\t\t<div class=\"elementor-element elementor-element-0c7ff71 e-con-full e-flex wpr-particle-no wpr-jarallax-no wpr-parallax-no wpr-sticky-section-no wpr-equal-height-no e-con e-child\" data-id=\"0c7ff71\" data-element_type=\"container\" data-e-type=\"container\">\n\t\t\t\t<div class=\"elementor-element elementor-element-f6a8f6e elementor-widget elementor-widget-ld_cf722\" data-id=\"f6a8f6e\" data-element_type=\"widget\" data-e-type=\"widget\" data-widget_type=\"ld_cf722.default\">\n\t\t\t\t<div class=\"elementor-widget-container\">\n\t\t\t\t\t\n\t<div class=\"lqd-contact-form lqd-contact-form-inputs-filled   lqd-contact-form-button-block  lqd-contact-form-button-lg   \">\n\t\t\n<div class=\"wpcf7 no-js\" id=\"wpcf7-f1958-o1\" lang=\"tr-TR\" dir=\"ltr\" data-wpcf7-id=\"1958\">\n<div class=\"screen-reader-response\"><p role=\"status\" aria-live=\"polite\" aria-atomic=\"true\"><\/p> <ul><\/ul><\/div>\n<form action=\"\/zh-hans\/wp-json\/wp\/v2\/pages\/1911#wpcf7-f1958-o1\" method=\"post\" class=\"wpcf7-form init\" aria-label=\"\u0130leti\u015fim Formu\" enctype=\"multipart\/form-data\" novalidate=\"novalidate\" data-status=\"init\">\n<fieldset class=\"hidden-fields-container\"><input type=\"hidden\" name=\"_wpcf7\" value=\"1958\" \/><input type=\"hidden\" name=\"_wpcf7_version\" value=\"6.1.5\" \/><input type=\"hidden\" name=\"_wpcf7_locale\" value=\"tr_TR\" \/><input type=\"hidden\" name=\"_wpcf7_unit_tag\" value=\"wpcf7-f1958-o1\" \/><input type=\"hidden\" name=\"_wpcf7_container_post\" value=\"0\" \/><input type=\"hidden\" name=\"_wpcf7_posted_data_hash\" value=\"\" \/>\n<\/fieldset>\n<div style=\"display:inline-flex; flex-wrap:wrap; gap:16px; color:#b1acaa;\">\n\t<div style=\"display:flex; gap:16px;\">\n\t\t<div style=\"width: 100%; \">\n\t\t\t<p><span class=\"wpcf7-form-control-wrap\" data-name=\"ad\"><input size=\"40\" maxlength=\"400\" class=\"wpcf7-form-control wpcf7-text wpcf7-validates-as-required\" autocomplete=\"name\" aria-required=\"true\" aria-invalid=\"false\" placeholder=\"\u59d3\u540d\" value=\"\" type=\"text\" name=\"ad\" \/><\/span>\n\t\t\t<\/p>\n\t\t<\/div>\n\t\t<div style=\"width: 100%;\">\n\t\t\t<p><span class=\"wpcf7-form-control-wrap\" data-name=\"mail\"><input size=\"40\" maxlength=\"400\" class=\"wpcf7-form-control wpcf7-email wpcf7-validates-as-required wpcf7-text wpcf7-validates-as-email\" autocomplete=\"email\" aria-required=\"true\" aria-invalid=\"false\" placeholder=\"\u7535\u5b50\u90ae\u7bb1\" value=\"\" type=\"email\" name=\"mail\" \/><\/span>\n\t\t\t<\/p>\n\t\t<\/div>\n\t<\/div>\n\t<div style=\"display:flex; gap:16px;\">\n\t\t<div style=\"width: 100%; \">\n\t\t\t<p><span class=\"wpcf7-form-control-wrap\" data-name=\"file-773\"><input size=\"40\" class=\"wpcf7-form-control wpcf7-file\" accept=\"audio\/*,video\/*,image\/*\" aria-invalid=\"false\" type=\"file\" name=\"file-773\" \/><\/span>\n\t\t\t<\/p>\n\t\t<\/div>\n\t<\/div>\n\t<div style=\"width: 100%; \">\n\t\t<p><span class=\"wpcf7-form-control-wrap\" data-name=\"tel-540\"><input size=\"40\" maxlength=\"400\" class=\"wpcf7-form-control wpcf7-tel wpcf7-validates-as-required wpcf7-text wpcf7-validates-as-tel\" aria-required=\"true\" aria-invalid=\"false\" placeholder=\"\u7535\u8bdd\u53f7\u7801\" value=\"\" type=\"tel\" name=\"tel-540\" \/><\/span>\n\t\t<\/p>\n\t<\/div>\n\t<div style=\"width: 100%;\">\n\t\t<p><span class=\"wpcf7-form-control-wrap\" data-name=\"konu\"><input size=\"40\" maxlength=\"400\" class=\"wpcf7-form-control wpcf7-text wpcf7-validates-as-required\" aria-required=\"true\" aria-invalid=\"false\" placeholder=\"\u4e3b\u9898\" value=\"\" type=\"text\" name=\"konu\" \/><\/span>\n\t\t<\/p>\n\t<\/div>\n<\/div>\n<div style=\"width: 100%; \">\n\t<p><span class=\"wpcf7-form-control-wrap\" data-name=\"textarea-798\"><textarea cols=\"40\" rows=\"10\" maxlength=\"2000\" class=\"wpcf7-form-control wpcf7-textarea\" aria-invalid=\"false\" placeholder=\"\u60a8\u7684\u7559\u8a00\" name=\"textarea-798\"><\/textarea><\/span>\n\t<\/p>\n<\/div>\n<p><input class=\"wpcf7-form-control wpcf7-submit has-spinner\" type=\"submit\" value=\"\u53d1\u9001\" \/>\n<\/p>\n\n<div class=\"wpcf7-response-output\" aria-hidden=\"true\"><\/div>\n<\/form>\n<\/div>\n\t<\/div>\n\n\t\t\t\t\t<\/div>\n\t\t\t\t<\/div>\n\t\t\t\t<\/div>\n\t\t\t\t<\/div>\n\t\t\t\t<\/div>\n\t\t\t\t\t<\/div>\n\t\t\t\t<\/div>\n\t\t\t\t<section class=\"elementor-section elementor-top-section elementor-element elementor-element-3faa7a3 elementor-section-boxed elementor-section-height-default elementor-section-height-default wpr-particle-no wpr-jarallax-no wpr-parallax-no wpr-sticky-section-no wpr-equal-height-no\" data-id=\"3faa7a3\" data-element_type=\"section\" data-e-type=\"section\" data-settings=\"{&quot;background_background&quot;:&quot;classic&quot;}\">\n\t\t\t\t\t\t\t<div class=\"elementor-background-overlay\"><\/div>\n\t\t\t\t\t\t\t<div class=\"elementor-container elementor-column-gap-default\">\n\t\t\t\t\t<div class=\"elementor-column elementor-col-50 elementor-top-column elementor-element elementor-element-9cf07ed\" data-id=\"9cf07ed\" data-element_type=\"column\" data-e-type=\"column\">\n\t\t\t<div class=\"elementor-widget-wrap elementor-element-populated\">\n\t\t\t\t\t\t<div class=\"elementor-element elementor-element-529d79e elementor-widget elementor-widget-hub_fancy_heading\" data-id=\"529d79e\" data-element_type=\"widget\" data-e-type=\"widget\" data-widget_type=\"hub_fancy_heading.default\">\n\t\t\t\t<div class=\"elementor-widget-container\">\n\t\t\t\t\t\n\t\t<div id=\"ld-fancy-heading-69f3ab554227d\" class=\"ld-fancy-heading pos-rel\">\n\t\t\t<h2 class=\"ld-fh-element d-inline-block pos-rel  elementor-heading-title lqd-highlight-classic lqd-highlight-grow-left h2\"  > \u6709\u5173\u6d3b\u8dc3\u804c\u4f4d\u548c\u9002\u5408\u7684\u5c97\u4f4d\uff0c\u8bf7\u8bbf\u95ee\u6211\u4eec\u7684 Kariyer.net \u4e2a\u4eba\u8d44\u6599\u3002<\/h2>\t\t<\/div>\n\n\t\t\t\t\t\t<\/div>\n\t\t\t\t<\/div>\n\t\t\t\t\t<\/div>\n\t\t<\/div>\n\t\t\t\t<div class=\"elementor-column elementor-col-50 elementor-top-column elementor-element elementor-element-5dff512\" data-id=\"5dff512\" data-element_type=\"column\" data-e-type=\"column\">\n\t\t\t<div class=\"elementor-widget-wrap elementor-element-populated\">\n\t\t\t\t\t\t<div class=\"elementor-element elementor-element-2dc5004 elementor-align-right elementor-tablet-align-left elementor-widget elementor-widget-ld_button\" data-id=\"2dc5004\" data-element_type=\"widget\" data-e-type=\"widget\" data-widget_type=\"ld_button.default\">\n\t\t\t\t<div class=\"elementor-widget-container\">\n\t\t\t\t\t\n\t\t\t<a href=\"https:\/\/www.kariyer.net\/firma-profil\/boss4-insaat-sanayi-a-s-5208-282875\" class=\"elementor-button btn btn-solid btn-xsm btn-icon-right btn-hover-swp btn-has-label\" target=\"_blank\" rel=\"noopener\">\n\t\t\t\t\t\t\t\t\t<span data-text=\"Kariyer.net \" class=\"btn-txt\">\n\t\t\t\t\t\tKariyer.net \t\t\t\t\t<\/span>\n\t\t\t\t\t\t\t\t\t\t\t\t\t\t<span class=\"btn-icon\">\n\t\t\t\t\t\t\t<i aria-hidden=\"true\" class=\"lqd-icn-ess icon-ld-search\"><\/i>\t\t\t\t\t\t<\/span>\n\t\t\t\t\t\t\t\t\t\t\t\t<span class=\"btn-icon\">\n\t\t\t\t\t\t\t<i aria-hidden=\"true\" class=\"lqd-icn-ess icon-ld-search\"><\/i>\t\t\t\t\t\t<\/span>\n\t\t\t\t\t\t\t\t\t<\/a>\n\t\t\t\t\t\t\t<\/div>\n\t\t\t\t<\/div>\n\t\t\t\t\t<\/div>\n\t\t<\/div>\n\t\t\t\t\t<\/div>\n\t\t<\/section>\n\t\t\t\t<\/div>\n\t\t","protected":false},"excerpt":{"rendered":"<p>\u4eba\u624d\u62db\u8058 \u8ba9\u6211\u4eec\u5171\u540c\u5efa\u8bbe\u672a\u6765 \u4f5c\u4e3aBOSS4 \u5efa\u7b51\uff0c\u6211\u4eec\u4e0d\u4ec5\u5efa\u8bbe\u4f4f\u5b85\uff0c\u66f4\u5efa\u8bbe\u5e0c\u671b\u3001\u4fe1\u4efb\u4e0e\u672a\u6765\u3002\u5728\u6211\u4eec\u7684\u6bcf\u4e00\u4e2a\u9879\u76ee\u4e2d\uff0c\u5bf9\u4eba\u624d\u7684\u8981\u6c42\u540c\u6837\u4ee5\u8d28\u91cf\u3001\u70ed\u60c5\u4e0e\u53ef\u6301\u7eed\u6027\u4e3a\u4f18\u5148\u3002\u56e0\u4e3a\u6211\u4eec\u77e5\u9053\uff0c\u6210\u529f\u6e90\u81ea\u62e5\u6709\u575a\u5b9e\u57fa\u7840\u7684\u56e2\u961f\u3002 \u6211\u4eec\u76f8\u4fe1\uff0c\u4e0e\u6211\u4eec\u5408\u4f5c\u7684\u6bcf\u4e2a\u4eba\u83b7\u5f97\u7684\u4e0d\u4ec5\u662f\u4e00\u4e2a\u804c\u4f4d\uff0c\u66f4\u662f\u4e00\u4e2a\u672a\u6765\u3002\u56e0\u6b64\uff0c\u6211\u4eec\u91cd\u89c6\u7684\u4e0d\u4ec5\u662f\u4f60\u7684\u80fd\u529b\uff0c\u8fd8\u6709\u4f60\u7684\u60f3\u6cd5\u3001\u70ed\u60c5\u548c\u6f5c\u529b\u3002 \u8fd9\u91cc\u4e3a\u6240\u6709\u5e0c\u671b\u81ea\u6211\u63d0\u5347\u3001\u4e13\u6ce8\u4e8e\u521b\u9020\u4ef7\u503c\u3001\u4e0d\u60e7\u627f\u62c5\u8d23\u4efb\u7684\u4eba\u63d0\u4f9b\u4e86\u4f4d\u7f6e\u3002\u65e0\u8bba\u4f60\u662f\u5728\u804c\u4e1a\u751f\u6daf\u521d\u671f\uff0c\u8fd8\u662f\u5728\u4e13\u4e1a\u9053\u8def\u4e0a\u524d\u884c\uff0cBOSS4 \u5efa\u7b51\u90fd\u5c06\u4e3a\u4f60\u63d0\u4f9b\u4e00\u4e2a\u4e0d\u65ad\u524d\u884c\u7684\u56e2\u961f\u3002 \u6211\u4eec\u5c06\u4f01\u4e1a\u613f\u666f\u4e0e\u5e74\u8f7b\u89c6\u89d2\u7ed3\u5408\uff0c\u5e76\u5c06\u7ecf\u9a8c\u4e0e\u521b\u65b0\u878d\u5408\u3002\u901a\u8fc7\u4ee5\u53d1\u5c55\u4e3a\u5bfc\u5411\u7684\u4eba\u529b\u8d44\u6e90\u653f\u7b56\uff0c\u6211\u4eec\u4e3a\u5458\u5de5\u63d0\u4f9b\u7684\u4e0d\u4ec5\u662f\u4e00\u4efd\u5de5\u4f5c\uff0c\u800c\u662f\u4e00\u6bb5\u5145\u6ee1\u542f\u53d1\u7684\u65c5\u7a0b\u3002 \u00a0 \u6765\u5427\uff0c\u8ba9\u6211\u4eec\u4e00\u8d77\u8bbe\u8ba1\u672a\u6765\u3002\u5728\u8fd9\u91cc\uff0c\u4e3a\u4f60\u7684\u6210\u529f\u4e4b\u65c5\u5960\u5b9a\u6700\u575a\u5b9e\u7684\u57fa\u7840\u3002 BOSS4 \u7684\u804c\u4e1a\u673a\u4f1a \u52a0\u5165 BOSS4 \u5bb6\u5ead\uff0c\u5728\u901a\u5f80\u6210\u529f\u7684\u9053\u8def\u4e0a\u8fc8\u51fa\u7b2c\u4e00\u6b65 Atak\u00f6y 7-8-9-10 \u533a Mah. \u00c7oban\u00e7e\u015fme E5 \u8fb9\u8def\u8857 Atak\u00f6y Towers 20\/1 A \u680b\uff0c12 \u697c\uff0c\u529e\u516c\u53f7155-158-159-160-161 \u5df4\u514b\u5c14\u79d1\u4f0a\/\u4f0a\u65af\u5766\u5e03\u5c14\uff0c\u571f\u8033\u5176 insankaynaklari@boss4.com.tr info@boss4.com.tr 0212 400 16 16 \u6709\u5173\u6d3b\u8dc3\u804c\u4f4d\u548c\u9002\u5408\u7684\u5c97\u4f4d\uff0c\u8bf7\u8bbf\u95ee\u6211\u4eec\u7684 Kariyer.net \u4e2a\u4eba\u8d44\u6599\u3002 Kariyer.net<\/p>\n","protected":false},"author":1,"featured_media":0,"parent":0,"menu_order":0,"comment_status":"closed","ping_status":"closed","template":"","meta":{"footnotes":""},"class_list":["post-1911","page","type-page","status-publish","hentry"],"_links":{"self":[{"href":"https:\/\/boss4.com.tr\/zh-hans\/wp-json\/wp\/v2\/pages\/1911","targetHints":{"allow":["GET"]}}],"collection":[{"href":"https:\/\/boss4.com.tr\/zh-hans\/wp-json\/wp\/v2\/pages"}],"about":[{"href":"https:\/\/boss4.com.tr\/zh-hans\/wp-json\/wp\/v2\/types\/page"}],"author":[{"embeddable":true,"href":"https:\/\/boss4.com.tr\/zh-hans\/wp-json\/wp\/v2\/users\/1"}],"replies":[{"embeddable":true,"href":"https:\/\/boss4.com.tr\/zh-hans\/wp-json\/wp\/v2\/comments?post=1911"}],"version-history":[{"count":6,"href":"https:\/\/boss4.com.tr\/zh-hans\/wp-json\/wp\/v2\/pages\/1911\/revisions"}],"predecessor-version":[{"id":1961,"href":"https:\/\/boss4.com.tr\/zh-hans\/wp-json\/wp\/v2\/pages\/1911\/revisions\/1961"}],"wp:attachment":[{"href":"https:\/\/boss4.com.tr\/zh-hans\/wp-json\/wp\/v2\/media?parent=1911"}],"curies":[{"name":"wp","href":"https:\/\/api.w.org\/{rel}","templated":true}]}}