{"id":1806,"date":"2025-07-08T15:56:18","date_gmt":"2025-07-08T12:56:18","guid":{"rendered":"https:\/\/boss4.com.tr\/%e8%91%a3%e4%ba%8b%e4%bc%9a\/"},"modified":"2026-04-06T17:40:48","modified_gmt":"2026-04-06T14:40:48","slug":"%e8%91%a3%e4%ba%8b%e4%bc%9a","status":"publish","type":"page","link":"https:\/\/boss4.com.tr\/zh-hans\/%e8%91%a3%e4%ba%8b%e4%bc%9a\/","title":{"rendered":"\u8463\u4e8b\u4f1a"},"content":{"rendered":"\t\t<div data-elementor-type=\"wp-page\" data-elementor-id=\"1806\" class=\"elementor elementor-1806\">\n\t\t\t\t<div class=\"elementor-element elementor-element-1b3bb56 e-flex e-con-boxed wpr-particle-no wpr-jarallax-no wpr-parallax-no wpr-sticky-section-no wpr-equal-height-no e-con e-parent\" data-id=\"1b3bb56\" data-element_type=\"container\" data-e-type=\"container\">\n\t\t\t\t\t<div class=\"e-con-inner\">\n\t\t<div class=\"elementor-element elementor-element-ac5f4bd e-con-full e-flex wpr-particle-no wpr-jarallax-no wpr-parallax-no wpr-sticky-section-no wpr-equal-height-no e-con e-child\" data-id=\"ac5f4bd\" data-element_type=\"container\" data-e-type=\"container\">\n\t\t\t\t<div class=\"elementor-element elementor-element-a654722 elementor-widget elementor-widget-hub_fancy_heading\" data-id=\"a654722\" data-element_type=\"widget\" data-e-type=\"widget\" data-widget_type=\"hub_fancy_heading.default\">\n\t\t\t\t<div class=\"elementor-widget-container\">\n\t\t\t\t\t\n\t\t<div id=\"ld-fancy-heading-69f4ab5ac7757\" class=\"ld-fancy-heading pos-rel\">\n\t\t\t<h2 class=\"ld-fh-element d-inline-block pos-rel  elementor-heading-title lqd-highlight-classic lqd-highlight-grow-left h2\"  > <b><span lang=\"EN-US\" style=\"font-size:12.0pt;line-height:115%\">\u8463\u4e8b\u4f1a<\/span><\/b><\/h2>\t\t<\/div>\n\n\t\t\t\t\t\t<\/div>\n\t\t\t\t<\/div>\n\t\t\t\t<\/div>\n\t\t<div class=\"elementor-element elementor-element-698918c e-con-full e-flex wpr-particle-no wpr-jarallax-no wpr-parallax-no wpr-equal-height-no e-con e-child\" data-id=\"698918c\" data-element_type=\"container\" data-e-type=\"container\">\n\t\t\t\t<div class=\"elementor-element elementor-element-74a4597 elementor-widget elementor-widget-ld_fancy_image\" data-id=\"74a4597\" data-element_type=\"widget\" data-e-type=\"widget\" data-widget_type=\"ld_fancy_image.default\">\n\t\t\t\t<div class=\"elementor-widget-container\">\n\t\t\t\t\t\n\t\t<div class=\"lqd-imggrp-single d-block pos-rel \">\n\t\t\t<div class=\"lqd-imggrp-img-container d-inline-flex pos-rel align-items-center justify-content-center \">\n\t\t\t\t\t\t\t\t<figure class=\"w-100 pos-rel\">\n\t\t\t\t\t<img fetchpriority=\"high\" decoding=\"async\" width=\"570\" height=\"696\" src=\"https:\/\/boss4.com.tr\/wp-content\/uploads\/2025\/07\/baskan-1-570x696-1.jpg\" class=\"attachment-full size-full wp-image-28\" alt=\"\" srcset=\"https:\/\/boss4.com.tr\/wp-content\/uploads\/2025\/07\/baskan-1-570x696-1.jpg 570w, https:\/\/boss4.com.tr\/wp-content\/uploads\/2025\/07\/baskan-1-570x696-1-246x300.jpg 246w\" sizes=\"(max-width: 570px) 100vw, 570px\" itemprop=\"image\" \/>\t\t\t\t\t\t\t\t\t\t\t\t\t\t\t\t\t\t\t\t\t\t\t\t\t\t\t\t\t<\/figure>\n\t\t\t<\/div>\n\t\t<\/div>\n\n\t\t\t\t\t<\/div>\n\t\t\t\t<\/div>\n\t\t\t\t<\/div>\n\t\t<div class=\"elementor-element elementor-element-61c8baf e-con-full e-flex wpr-particle-no wpr-jarallax-no wpr-parallax-no wpr-sticky-section-no wpr-equal-height-no e-con e-child\" data-id=\"61c8baf\" data-element_type=\"container\" data-e-type=\"container\">\n\t\t\t\t<div class=\"elementor-element elementor-element-dff0179 elementor-widget elementor-widget-hub_fancy_heading\" data-id=\"dff0179\" data-element_type=\"widget\" data-e-type=\"widget\" data-widget_type=\"hub_fancy_heading.default\">\n\t\t\t\t<div class=\"elementor-widget-container\">\n\t\t\t\t\t\n\t\t<div id=\"ld-fancy-heading-69f4ab5aca76e\" class=\"ld-fancy-heading pos-rel\">\n\t\t\t<p class=\"ld-fh-element d-inline-block pos-rel  lqd-highlight-classic lqd-highlight-grow-left p\"  > \u623f\u5730\u4ea7\u4e0d\u4ec5\u4ec5\u662f\u5efa\u9020\u5efa\u7b51\uff0c\u66f4\u662f\u89e6\u53ca\u4eba\u4eec\u7684\u751f\u6d3b\uff0c\u4e3a\u57ce\u5e02\u589e\u6dfb\u4ef7\u503c\u3002\u4f5c\u4e3aBOSS4\uff0c\u6211\u4eec\u79c9\u6301\u8fd9\u4e00\u7406\u5ff5\uff0c\u7ee7\u7eed\u901a\u8fc7Alya\u4f4f\u5b85\u54c1\u724c\u6253\u9020\u53ef\u9760\u3001\u9ad8\u54c1\u8d28\u4e14\u8212\u9002\u7684\u751f\u6d3b\u7a7a\u95f4\u3002\u6211\u59cb\u7ec8\u76f8\u4fe1\uff1a\u4eba\u662f\u7b2c\u4e00\u4f4d\u7684\u3002\u56e0\u6b64\uff0c\u6211\u4eec\u7684\u9879\u76ee\u91c7\u7528\u4f4e\u5c42\u5efa\u7b51\u8bbe\u8ba1\u3001\u5bbd\u655e\u6237\u578b\u3001\u5e26\u9633\u53f0\u548c\u82b1\u56ed\u7684\u751f\u6d3b\u7a7a\u95f4\u3002\u6211\u4eec\u7684\u5de5\u4f5c\u4e0d\u4ec5\u662f\u5efa\u7b51\uff0c\u66f4\u662f\u8ba9\u4eba\u4eec\u6bcf\u5929\u65e9\u6668\u90fd\u80fd\u611f\u53d7\u5230\u5b89\u5168\u4e0e\u8212\u9002\u7684\u751f\u6d3b\u6210\u4e3a\u53ef\u80fd\u3002\u5982\u4eca\uff0cAlya\u54c1\u724c\u4e0d\u4ec5\u4e3a\u6211\u4eec\u7684\u6295\u8d44\u8005\u63d0\u4f9b\u5b89\u5168\u7684\u672a\u6765\uff0c\u4e5f\u4e3a\u57ce\u5e02\u5e26\u6765\u6301\u4e45\u7684\u4ef7\u503c\u3002\u6211\u4eec\u5728\u4f0a\u65af\u5766\u5e03\u5c14\u53d1\u5c55\u4e2d\u7684\u533a\u57df\u3001\u4f18\u8d8a\u7684\u5730\u6bb5\uff0c\u6253\u9020\u7b26\u5408\u65f6\u4ee3\u7cbe\u795e\u7684\u9879\u76ee\u3002\u4f46\u771f\u6b63\u7684\u5dee\u5f02\u5728\u4e8e\uff1a\u6211\u4eec\u5bf9\u5de5\u4f5c\u7684\u5c0a\u91cd\u3001\u5bf9\u4eba\u7684\u91cd\u89c6\u4ee5\u53ca\u5bf9\u6bcf\u4e00\u4e2a\u7ec6\u8282\u7684\u5173\u6ce8\u3002\u5728\u672a\u6765\uff0c\u6211\u4eec\u5c06\u5728\u4f0a\u65af\u5766\u5e03\u5c14\u53ca\u5176\u4ed6\u57ce\u5e02\u7ee7\u7eed\u6253\u9020\u9ad8\u54c1\u8d28\u3001\u53ef\u6301\u7eed\u4e14\u9ad8\u9644\u52a0\u503c\u7684\u9879\u76ee\u3002\u5728\u6b64\uff0c\u6211\u611f\u8c22\u4e00\u8def\u652f\u6301\u6211\u4eec\u7684\u56e2\u961f\u6210\u5458\u3001\u5408\u4f5c\u4f19\u4f34\u4ee5\u53ca\u6240\u6709\u4fe1\u4efb\u6211\u4eec\u7684\u4eba\u3002\u4f5c\u4e3aBOSS4\uff0c\u6211\u4eec\u7684\u9053\u8def\u5149\u660e\uff0c\u76ee\u6807\u660e\u786e\uff1a\u5efa\u8bbe\u503c\u5f97\u4fe1\u8d56\u3001\u7559\u4e0b\u5370\u8bb0\u7684\u9879\u76ee\u3002<\/p>\t\t<\/div>\n\n\t\t\t\t\t\t<\/div>\n\t\t\t\t<\/div>\n\t\t<div class=\"elementor-element elementor-element-b1ec2a1 e-con-full e-flex wpr-particle-no wpr-jarallax-no wpr-parallax-no wpr-sticky-section-no wpr-equal-height-no e-con e-child\" data-id=\"b1ec2a1\" data-element_type=\"container\" data-e-type=\"container\">\n\t\t\t\t<div class=\"elementor-element elementor-element-f03f833 elementor-widget elementor-widget-hub_fancy_heading\" data-id=\"f03f833\" data-element_type=\"widget\" data-e-type=\"widget\" data-widget_type=\"hub_fancy_heading.default\">\n\t\t\t\t<div class=\"elementor-widget-container\">\n\t\t\t\t\t\n\t\t<div id=\"ld-fancy-heading-69f4ab5acbd00\" class=\"ld-fancy-heading pos-rel\">\n\t\t\t<span class=\"ld-fh-element d-inline-block pos-rel  lqd-highlight-classic lqd-highlight-grow-left span\"  > \u8463\u4e8b\u4f1a\u4e3b\u5e2d<\/span>\t\t<\/div>\n\n\t\t\t\t\t\t<\/div>\n\t\t\t\t<\/div>\n\t\t\t\t<div class=\"elementor-element elementor-element-ab89d5d elementor-widget elementor-widget-hub_fancy_heading\" data-id=\"ab89d5d\" data-element_type=\"widget\" data-e-type=\"widget\" data-widget_type=\"hub_fancy_heading.default\">\n\t\t\t\t<div class=\"elementor-widget-container\">\n\t\t\t\t\t\n\t\t<div id=\"ld-fancy-heading-69f4ab5acc66d\" class=\"ld-fancy-heading pos-rel\">\n\t\t\t<span class=\"ld-fh-element d-inline-block pos-rel  lqd-highlight-classic lqd-highlight-grow-left span\"  > Abd\u00fclkadir Akku\u015f<\/span>\t\t<\/div>\n\n\t\t\t\t\t\t<\/div>\n\t\t\t\t<\/div>\n\t\t\t\t<\/div>\n\t\t\t\t<\/div>\n\t\t\t\t\t<\/div>\n\t\t\t\t<\/div>\n\t\t<div class=\"elementor-element elementor-element-f389fc5 e-flex e-con-boxed wpr-particle-no wpr-jarallax-no wpr-parallax-no wpr-sticky-section-no wpr-equal-height-no e-con e-parent\" data-id=\"f389fc5\" data-element_type=\"container\" data-e-type=\"container\">\n\t\t\t\t\t<div class=\"e-con-inner\">\n\t\t<div class=\"elementor-element elementor-element-249b4f4 e-con-full e-flex wpr-particle-no wpr-jarallax-no wpr-parallax-no wpr-sticky-section-no wpr-equal-height-no e-con e-child\" data-id=\"249b4f4\" data-element_type=\"container\" data-e-type=\"container\">\n\t\t\t\t<div class=\"elementor-element elementor-element-f8fce05 elementor-widget elementor-widget-hub_fancy_heading\" data-id=\"f8fce05\" data-element_type=\"widget\" data-e-type=\"widget\" data-widget_type=\"hub_fancy_heading.default\">\n\t\t\t\t<div class=\"elementor-widget-container\">\n\t\t\t\t\t\n\t\t<div id=\"ld-fancy-heading-69f4ab5ace7e3\" class=\"ld-fancy-heading pos-rel\">\n\t\t\t<p class=\"ld-fh-element d-inline-block pos-rel  lqd-highlight-classic lqd-highlight-grow-left p\"  > 2017\u5e74\uff0c\u6211\u4eec\u6000\u7740\u4e3a\u571f\u8033\u5176\u5efa\u7b51\u884c\u4e1a\u53d1\u5c55\u6307\u5f15\u65b9\u5411\u3001\u5851\u9020\u57ce\u5e02\u9762\u8c8c\u3001\u6253\u9020\u5b89\u5168\u3001\u8212\u9002\u4e14\u9ad8\u56de\u62a5\u9879\u76ee\u7684\u76ee\u6807\u542f\u7a0b\u3002\u4f5c\u4e3a\u201cElkhatib Group\u201d\uff0c\u6211\u4eec\u4f9d\u6258\u5144\u5f1f\u56fd\u5bb6\u571f\u8033\u5176\u7684\u5b9e\u529b\u4e0e\u6f5c\u529b\uff0c\u6295\u8d44\u4e8e\u5efa\u7b51\u548c\u623f\u5730\u4ea7\u884c\u4e1a\u3002\u5728\u6211\u4eec\u53c2\u4e0e\u7684Alya\u4f4f\u5b85\u65d7\u4e0b\uff0c\u81ea\u6210\u7acb\u4e4b\u521d\u4fbf\u4ee5\u201cAlya\u201d\u54c1\u724c\u4e3a\u5efa\u7b51\u884c\u4e1a\u5e26\u6765\u4e86\u9ad8\u7aef\u4e14\u4f18\u8d28\u7684\u9879\u76ee\u3002\u4e94\u5e74\u7684\u5408\u4f5c\u53d6\u5f97\u4e86\u663e\u8457\u8fdb\u5c55\u3002\u6211\u4eec\u975e\u5e38\u8363\u5e78\u80fd\u591f\u4e3a\u4e16\u754c\u5927\u90fd\u5e02\u4f0a\u65af\u5766\u5e03\u5c14\u7684\u57ce\u5e02\u53d1\u5c55\u613f\u666f\u505a\u51fa\u8d21\u732e\u3002\u571f\u8033\u5176\u63d0\u4f9b\u7684\u8d44\u6e90\u4e0e\u673a\u9047\uff0c\u4f7f\u6211\u4eec\u80fd\u591f\u5feb\u901f\u63a8\u52a8\u6295\u8d44\u5e76\u53d6\u5f97\u91cd\u5927\u6210\u679c\u3002\u6bcf\u4e00\u4e2a\u6211\u4eec\u542f\u52a8\u7684\u65b0\u9879\u76ee\u90fd\u5e26\u6765\u5de8\u5927\u7684\u5174\u594b\u4e0e\u559c\u60a6\u3002\u5728\u8fd9\u6761\u9053\u8def\u4e0a\uff0c\u6211\u4eec\u59cb\u7ec8\u52aa\u529b\u6700\u5927\u7a0b\u5ea6\u5730\u6ee1\u8db3\u4fe1\u4efb\u6211\u4eec\u7684\u6295\u8d44\u8005\u7684\u671f\u671b\u3002\u672a\u6765\uff0c\u6211\u4eec\u5c06\u7ee7\u7eed\u5b9e\u65bd\u66f4\u591a\u5177\u6709\u9644\u52a0\u4ef7\u503c\u7684\u9879\u76ee\uff0c\u5e76\u4ee5\u4e0d\u8f9c\u8d1f\u4e0e\u6211\u4eec\u540c\u884c\u7684\u6295\u8d44\u8005\u4e3a\u76ee\u6807\u4e0d\u65ad\u524d\u884c\u3002<\/p>\t\t<\/div>\n\n\t\t\t\t\t\t<\/div>\n\t\t\t\t<\/div>\n\t\t<div class=\"elementor-element elementor-element-eb2e826 e-con-full e-flex wpr-particle-no wpr-jarallax-no wpr-parallax-no wpr-sticky-section-no wpr-equal-height-no e-con e-child\" data-id=\"eb2e826\" data-element_type=\"container\" data-e-type=\"container\">\n\t\t\t\t<div class=\"elementor-element elementor-element-4f0938b elementor-widget elementor-widget-hub_fancy_heading\" data-id=\"4f0938b\" data-element_type=\"widget\" data-e-type=\"widget\" data-widget_type=\"hub_fancy_heading.default\">\n\t\t\t\t<div class=\"elementor-widget-container\">\n\t\t\t\t\t\n\t\t<div id=\"ld-fancy-heading-69f4ab5acfd0b\" class=\"ld-fancy-heading pos-rel\">\n\t\t\t<span class=\"ld-fh-element d-inline-block pos-rel  lqd-highlight-classic lqd-highlight-grow-left span\"  > \u8463\u4e8b\u4f1a\u526f\u4e3b\u5e2d<\/span>\t\t<\/div>\n\n\t\t\t\t\t\t<\/div>\n\t\t\t\t<\/div>\n\t\t\t\t<div class=\"elementor-element elementor-element-b6512a2 elementor-widget elementor-widget-hub_fancy_heading\" data-id=\"b6512a2\" data-element_type=\"widget\" data-e-type=\"widget\" data-widget_type=\"hub_fancy_heading.default\">\n\t\t\t\t<div class=\"elementor-widget-container\">\n\t\t\t\t\t\n\t\t<div id=\"ld-fancy-heading-69f4ab5ad0705\" class=\"ld-fancy-heading pos-rel\">\n\t\t\t<span class=\"ld-fh-element d-inline-block pos-rel  lqd-highlight-classic lqd-highlight-grow-left span\"  > Adil Elkhatib<\/span>\t\t<\/div>\n\n\t\t\t\t\t\t<\/div>\n\t\t\t\t<\/div>\n\t\t\t\t<\/div>\n\t\t\t\t<\/div>\n\t\t<div class=\"elementor-element elementor-element-1e1a9dc e-con-full e-flex wpr-particle-no wpr-jarallax-no wpr-parallax-no wpr-sticky-section-no wpr-equal-height-no e-con e-child\" data-id=\"1e1a9dc\" data-element_type=\"container\" data-e-type=\"container\">\n\t\t\t\t<div class=\"elementor-element elementor-element-0389335 elementor-widget elementor-widget-ld_fancy_image\" data-id=\"0389335\" data-element_type=\"widget\" data-e-type=\"widget\" data-widget_type=\"ld_fancy_image.default\">\n\t\t\t\t<div class=\"elementor-widget-container\">\n\t\t\t\t\t\n\t\t<div class=\"lqd-imggrp-single d-block pos-rel \">\n\t\t\t<div class=\"lqd-imggrp-img-container d-inline-flex pos-rel align-items-center justify-content-center \">\n\t\t\t\t\t\t\t\t<figure class=\"w-100 pos-rel\">\n\t\t\t\t\t<img decoding=\"async\" width=\"570\" height=\"696\" src=\"data:image\/svg+xml;charset=utf-8,%3Csvg xmlns%3D&#039;http%3A%2F%2Fwww.w3.org%2F2000%2Fsvg&#039; viewBox%3D&#039;0 0 570 696&#039;%2F%3E\" class=\"attachment-full size-full wp-image-29 ld-lazyload\" alt=\"\" itemprop=\"image\" data-src=\"https:\/\/boss4.com.tr\/wp-content\/uploads\/2025\/07\/yonetim-kurulu-uyesi-570x696-1.jpg\" data-srcset=\"https:\/\/boss4.com.tr\/wp-content\/uploads\/2025\/07\/yonetim-kurulu-uyesi-570x696-1.jpg 570w, https:\/\/boss4.com.tr\/wp-content\/uploads\/2025\/07\/yonetim-kurulu-uyesi-570x696-1-246x300.jpg 246w\" data-sizes=\"(max-width: 570px) 100vw, 570px\" data-aspect=\"0.81896551724138\" \/>\t\t\t\t\t\t\t\t\t\t\t\t\t\t\t\t\t\t\t\t\t\t\t\t\t\t\t\t\t<\/figure>\n\t\t\t<\/div>\n\t\t<\/div>\n\n\t\t\t\t\t<\/div>\n\t\t\t\t<\/div>\n\t\t\t\t<\/div>\n\t\t\t\t\t<\/div>\n\t\t\t\t<\/div>\n\t\t\t\t<\/div>\n\t\t","protected":false},"excerpt":{"rendered":"<p>\u8463\u4e8b\u4f1a Gayrimenkul, yaln\u0131zca bina yapmak de\u011fil; insanlar\u0131n hayat\u0131na dokunmak, ya\u015fad\u0131klar\u0131 \u015fehre de\u011fer katmakt\u0131r. Biz BOSS4 olarak bu anlay\u0131\u015fla \u00e7al\u0131\u015f\u0131yor, Alya Konutlar\u0131 markam\u0131zla g\u00fcvenilir, kaliteli ve huzurlu ya\u015fam alanlar\u0131 \u00fcretmeye devam ediyoruz. Her zaman \u015funa inand\u0131m: \u00d6nce insan gelir. Bu y\u00fczden projelerimizi yatay mimariyle, ferah dairelerle, balkonlu ve bah\u00e7eli ya\u015fam alanlar\u0131yla planl\u0131yoruz. Bizim i\u015fimiz sadece in\u015faat de\u011fil; insanlar\u0131n her sabah kendini g\u00fcvende ve konforlu hissedece\u011fi bir hayat\u0131 m\u00fcmk\u00fcn k\u0131lmak. Bug\u00fcn Alya markas\u0131, hem yat\u0131r\u0131mc\u0131lar\u0131m\u0131z i\u00e7in g\u00fcvenli bir gelecek, hem de \u015fehirlerimiz i\u00e7in kal\u0131c\u0131 bir de\u011fer anlam\u0131na geliyor. \u0130stanbul\u2019un geli\u015fen b\u00f6lgelerinde, do\u011fru lokasyonlarda, zaman\u0131n ruhuna uygun projeler \u00fcretiyoruz. Ama as\u0131l fark\u0131m\u0131z; i\u015fimize duydu\u011fumuz sayg\u0131, insana verdi\u011fimiz \u00f6nem ve her detaya g\u00f6sterdi\u011fimiz \u00f6zen. \u00d6n\u00fcm\u00fczdeki d\u00f6nemde de hem \u0130stanbul\u2019da hem di\u011fer \u015fehirlerde; kaliteli, s\u00fcrd\u00fcr\u00fclebilir ve y\u00fcksek katma de\u011ferli projelere imza atmaya devam edece\u011fiz. Bu yo<\/p>\n","protected":false},"author":1,"featured_media":0,"parent":0,"menu_order":0,"comment_status":"closed","ping_status":"closed","template":"","meta":{"footnotes":""},"class_list":["post-1806","page","type-page","status-publish","hentry"],"_links":{"self":[{"href":"https:\/\/boss4.com.tr\/zh-hans\/wp-json\/wp\/v2\/pages\/1806","targetHints":{"allow":["GET"]}}],"collection":[{"href":"https:\/\/boss4.com.tr\/zh-hans\/wp-json\/wp\/v2\/pages"}],"about":[{"href":"https:\/\/boss4.com.tr\/zh-hans\/wp-json\/wp\/v2\/types\/page"}],"author":[{"embeddable":true,"href":"https:\/\/boss4.com.tr\/zh-hans\/wp-json\/wp\/v2\/users\/1"}],"replies":[{"embeddable":true,"href":"https:\/\/boss4.com.tr\/zh-hans\/wp-json\/wp\/v2\/comments?post=1806"}],"version-history":[{"count":4,"href":"https:\/\/boss4.com.tr\/zh-hans\/wp-json\/wp\/v2\/pages\/1806\/revisions"}],"predecessor-version":[{"id":1946,"href":"https:\/\/boss4.com.tr\/zh-hans\/wp-json\/wp\/v2\/pages\/1806\/revisions\/1946"}],"wp:attachment":[{"href":"https:\/\/boss4.com.tr\/zh-hans\/wp-json\/wp\/v2\/media?parent=1806"}],"curies":[{"name":"wp","href":"https:\/\/api.w.org\/{rel}","templated":true}]}}